{"id":376350,"date":"2022-08-11T16:47:12","date_gmt":"2022-08-11T20:47:12","guid":{"rendered":"https:\/\/www.tma-invest.com\/?page_id=376350"},"modified":"2024-07-17T10:45:39","modified_gmt":"2024-07-17T14:45:39","slug":"adjointe","status":"publish","type":"page","link":"https:\/\/www.tma-invest.com\/fr\/carrieres\/adjointe\/","title":{"rendered":"Adjoint(e) Administrative"},"content":{"rendered":"<p>[et_pb_section fb_built=\u00a0\u00bb1&Prime; _builder_version=\u00a0\u00bb4.16&Prime; _module_preset=\u00a0\u00bbdefault\u00a0\u00bb global_colors_info=\u00a0\u00bb{}\u00a0\u00bb][et_pb_row custom_padding_last_edited=\u00a0\u00bbon|phone\u00a0\u00bb _builder_version=\u00a0\u00bb4.17.6&Prime; _module_preset=\u00a0\u00bbdefault\u00a0\u00bb custom_margin=\u00a0\u00bb||||false|false\u00a0\u00bb custom_margin_tablet=\u00a0\u00bb||||false|false\u00a0\u00bb custom_margin_phone=\u00a0\u00bb||-12vw||false|false\u00a0\u00bb custom_margin_last_edited=\u00a0\u00bbon|phone\u00a0\u00bb custom_padding_tablet=\u00a0\u00bb\u00a0\u00bb custom_padding_phone=\u00a0\u00bb15vw||||false|false\u00a0\u00bb global_colors_info=\u00a0\u00bb{}\u00a0\u00bb][et_pb_column type=\u00a0\u00bb4_4&Prime; _builder_version=\u00a0\u00bb4.16&Prime; _module_preset=\u00a0\u00bbdefault\u00a0\u00bb global_colors_info=\u00a0\u00bb{}\u00a0\u00bb][et_pb_text _builder_version=\u00a0\u00bb4.16&Prime; _module_preset=\u00a0\u00bbdefault\u00a0\u00bb header_3_font=\u00a0\u00bb|800||on|||||\u00a0\u00bb header_3_text_color=\u00a0\u00bb#5B8395&Prime; header_3_font_size=\u00a0\u00bb19px\u00a0\u00bb header_3_letter_spacing=\u00a0\u00bb2px\u00a0\u00bb global_colors_info=\u00a0\u00bb{}\u00a0\u00bb]<\/p>\n<h3>opportunit\u00e9 d&#8217;emploi<\/h3>\n<p>[\/et_pb_text][et_pb_text _builder_version=\u00a0\u00bb4.17.6&Prime; _module_preset=\u00a0\u00bbdefault\u00a0\u00bb text_line_height=\u00a0\u00bb0.6em\u00a0\u00bb header_font_size=\u00a0\u00bb32px\u00a0\u00bb header_line_height=\u00a0\u00bb1.3em\u00a0\u00bb global_colors_info=\u00a0\u00bb{}\u00a0\u00bb]<\/p>\n<h1>Adjoint(e)<\/h1>\n<p>&nbsp;<\/p>\n<p><strong>Type\u00a0:<\/strong> Permanent<\/p>\n<p><strong>Lieu\u00a0:<\/strong> Kirkland, Qu\u00e9bec<\/p>\n<p>[\/et_pb_text][et_pb_divider _builder_version=\u00a0\u00bb4.16&Prime; _module_preset=\u00a0\u00bbdefault\u00a0\u00bb custom_margin=\u00a0\u00bb||-2vw||false|false\u00a0\u00bb global_colors_info=\u00a0\u00bb{}\u00a0\u00bb][\/et_pb_divider][\/et_pb_column][\/et_pb_row][et_pb_row _builder_version=\u00a0\u00bb4.16&Prime; _module_preset=\u00a0\u00bbdefault\u00a0\u00bb global_colors_info=\u00a0\u00bb{}\u00a0\u00bb][et_pb_column type=\u00a0\u00bb4_4&Prime; _builder_version=\u00a0\u00bb4.16&Prime; _module_preset=\u00a0\u00bbdefault\u00a0\u00bb global_colors_info=\u00a0\u00bb{}\u00a0\u00bb][et_pb_text _builder_version=\u00a0\u00bb4.17.6&Prime; _module_preset=\u00a0\u00bbdefault\u00a0\u00bb global_colors_info=\u00a0\u00bb{}\u00a0\u00bb]<\/p>\n<p>Lorsque vous songez \u00e0 la carri\u00e8re r\u00eav\u00e9e dans le monde de la finance\u2026<\/p>\n<ul>\n<li>Avez-vous envie de devenir un atout pr\u00e9cieux au sein d\u2019une \u00e9quipe dans une firme de gestion de patrimoine bas\u00e9e \u00e0 Montr\u00e9al et ax\u00e9e sur la client\u00e8le\u2009?<\/li>\n<li>Comme nous, \u00eates-vous passionn\u00e9(e) pour la r\u00e9solution proactive de probl\u00e8mes en faisant preuve d&rsquo;une \u00e9coute active et d&rsquo;un suivi assidu afin de contribuer \u00e0 prioriser le bien-\u00eatre financier des clients\u2009?<\/li>\n<li>Aimeriez-vous avoir l&rsquo;occasion d\u2019\u00e9voluer au sein d\u2019une culture de travail harmonieuse, ax\u00e9e sur le travail d&rsquo;\u00e9quipe, qui encourage et soutient la croissance personnelle et professionnelle\u2009?<\/li>\n<li>Poss\u00e9dez-vous une grande curiosit\u00e9 intellectuelle et un fort d\u00e9sir d\u2019apprendre simplement pour le plaisir d&rsquo;apprendre\u2009?<\/li>\n<\/ul>\n<p>Si c&rsquo;est le cas, poursuivez votre lecture pour en savoir davantage sur ce poste d\u2019adjoint(e).\u00a0<\/p>\n<p>[\/et_pb_text][\/et_pb_column][\/et_pb_row][et_pb_row column_structure=\u00a0\u00bb1_4,3_4&Prime; _builder_version=\u00a0\u00bb4.16&Prime; _module_preset=\u00a0\u00bbdefault\u00a0\u00bb global_colors_info=\u00a0\u00bb{}\u00a0\u00bb][et_pb_column type=\u00a0\u00bb1_4&Prime; _builder_version=\u00a0\u00bb4.16&Prime; _module_preset=\u00a0\u00bbdefault\u00a0\u00bb global_colors_info=\u00a0\u00bb{}\u00a0\u00bb][et_pb_text admin_label=\u00a0\u00bbSurvol de l\u2019entreprise\u00a0\u00bb _builder_version=\u00a0\u00bb4.17.6&Prime; _module_preset=\u00a0\u00bbdefault\u00a0\u00bb header_2_line_height=\u00a0\u00bb1.2em\u00a0\u00bb header_3_line_height=\u00a0\u00bb1.2em\u00a0\u00bb global_colors_info=\u00a0\u00bb{}\u00a0\u00bb]<\/p>\n<h2>\u00c0 propos de Tulett, Matthews &amp; Associ\u00e9s<\/h2>\n<p>[\/et_pb_text][\/et_pb_column][et_pb_column type=\u00a0\u00bb3_4&Prime; _builder_version=\u00a0\u00bb4.16&Prime; _module_preset=\u00a0\u00bbdefault\u00a0\u00bb global_colors_info=\u00a0\u00bb{}\u00a0\u00bb][et_pb_text _builder_version=\u00a0\u00bb4.17.6&Prime; _module_preset=\u00a0\u00bbdefault\u00a0\u00bb global_colors_info=\u00a0\u00bb{}\u00a0\u00bb]<\/p>\n<p>Fond\u00e9e en 1995, Tulett, Matthews &amp; Associ\u00e9s est une firme ind\u00e9pendante bas\u00e9e \u00e0 Montr\u00e9al permettant aux professionnels, aux cadres, aux entrepreneurs et aux retrait\u00e9s canadiens de s&rsquo;\u00e9panouir gr\u00e2ce \u00e0 nos solutions int\u00e9gr\u00e9es de gestion de patrimoine. Nos services sur mesure comprennent la gestion de portefeuille, la planification financi\u00e8re, la planification fiscale et des services suppl\u00e9mentaires en fonction des besoins de nos clients.\u00a0<\/p>\n<p>Au c\u0153ur de notre succ\u00e8s se trouve l&rsquo;attention que nous portons \u00e0 nos clients, illustr\u00e9e par des conseils objectifs, une planification int\u00e9gr\u00e9e et des strat\u00e9gies fond\u00e9es sur des preuves \u00a0factuelles, le tout avec une touche bien personnelle.<\/p>\n<p>Plus qu\u2019un lieu o\u00f9 l\u2019on peut apprendre des plus chevronn\u00e9s, nous nous engageons \u00e0 vous offrir des possibilit\u00e9s exceptionnelles de mentorat, de formation et de d\u00e9veloppement. Situ\u00e9 dans l\u2019Ouest-de-l\u2019\u00cele de Montr\u00e9al, notre bureau est un lieu de travail professionnel, lumineux et impr\u00e9gn\u00e9 d\u2019une ambiance positive. Il se trouve tout pr\u00e8s d\u2019un grand stationnement et offre un acc\u00e8s pratique aux transports en commun et aux commodit\u00e9s.<\/p>\n<p>[\/et_pb_text][\/et_pb_column][\/et_pb_row][et_pb_row column_structure=\u00a0\u00bb1_4,3_4&Prime; _builder_version=\u00a0\u00bb4.16&Prime; _module_preset=\u00a0\u00bbdefault\u00a0\u00bb global_colors_info=\u00a0\u00bb{}\u00a0\u00bb][et_pb_column type=\u00a0\u00bb1_4&Prime; _builder_version=\u00a0\u00bb4.16&Prime; _module_preset=\u00a0\u00bbdefault\u00a0\u00bb global_colors_info=\u00a0\u00bb{}\u00a0\u00bb][et_pb_text admin_label=\u00a0\u00bb\u00c0 propos de l\u2019offre \u00a0\u00bb _builder_version=\u00a0\u00bb4.17.6&Prime; _module_preset=\u00a0\u00bbdefault\u00a0\u00bb header_2_line_height=\u00a0\u00bb1.2em\u00a0\u00bb global_colors_info=\u00a0\u00bb{}\u00a0\u00bb]<\/p>\n<h2>\u00c0 propos de cette opportunit\u00e9<\/h2>\n<p>[\/et_pb_text][\/et_pb_column][et_pb_column type=\u00a0\u00bb3_4&Prime; _builder_version=\u00a0\u00bb4.16&Prime; _module_preset=\u00a0\u00bbdefault\u00a0\u00bb global_colors_info=\u00a0\u00bb{}\u00a0\u00bb][et_pb_text _builder_version=\u00a0\u00bb4.17.6&Prime; _module_preset=\u00a0\u00bbdefault\u00a0\u00bb global_colors_info=\u00a0\u00bb{}\u00a0\u00bb]<\/p>\n<p>Le poste d&rsquo;adjoint(e) que nous avons nouvellement cr\u00e9\u00e9 conviendrait parfaitement \u00e0 une personne qui souhaite se lancer dans une carri\u00e8re en gestion de patrimoine, participer \u00e0 une entreprise florissante et contribuer \u00e0 l\u2019exp\u00e9rience client id\u00e9ale que nous offrons.<\/p>\n<p>Au cours de vos deux ou trois premi\u00e8res ann\u00e9es, vous construirez une base exceptionnelle pour une carri\u00e8re r\u00e9ussie en gestion de patrimoine tout en vous concentrant sur le service \u00e0 la client\u00e8le et les op\u00e9rations. Vous aurez la possibilit\u00e9 de travailler de la maison un jour par semaine. Au fil du temps, vous pourrez continuer \u00e0 d\u00e9velopper votre carri\u00e8re dans le service \u00e0 la client\u00e8le et les op\u00e9rations, ou transitionner vers l&rsquo;un des r\u00f4les suivants\u00a0:<\/p>\n<ol>\n<li><strong>Conseiller aupr\u00e8s des clients<\/strong>: \u00catre form\u00e9(e) pour devenir un gestionnaire de portefeuille adjoint(e) (GPA) ou gestionnaire de portefeuille (GP)\u2009;<\/li>\n<li><strong>Administrateur de portefeuille et sp\u00e9cialiste en n\u00e9gociation<\/strong>: Assistez l&rsquo;\u00e9quipe de n\u00e9gociation dans la supervision des portefeuilles, le r\u00e9\u00e9quilibrage et l&rsquo;ex\u00e9cution des transactions\u2009;<\/li>\n<li><strong>Soutien \u00e0 la conformit\u00e9<\/strong>: Travaillez avec notre responsable sur le suivi de la conformit\u00e9.<\/li>\n<\/ol>\n<p>[\/et_pb_text][\/et_pb_column][\/et_pb_row][et_pb_row column_structure=\u00a0\u00bb1_4,3_4&Prime; _builder_version=\u00a0\u00bb4.16&Prime; _module_preset=\u00a0\u00bbdefault\u00a0\u00bb global_colors_info=\u00a0\u00bb{}\u00a0\u00bb][et_pb_column type=\u00a0\u00bb1_4&Prime; _builder_version=\u00a0\u00bb4.16&Prime; _module_preset=\u00a0\u00bbdefault\u00a0\u00bb global_colors_info=\u00a0\u00bb{}\u00a0\u00bb][et_pb_text admin_label=\u00a0\u00bbResponsabilit\u00e9s cl\u00e9s\u00a0\u00bb _builder_version=\u00a0\u00bb4.16&Prime; _module_preset=\u00a0\u00bbdefault\u00a0\u00bb global_colors_info=\u00a0\u00bb{}\u00a0\u00bb]<\/p>\n<h2>Responsabilit\u00e9s cl\u00e9s<\/h2>\n<p>[\/et_pb_text][\/et_pb_column][et_pb_column type=\u00a0\u00bb3_4&Prime; _builder_version=\u00a0\u00bb4.16&Prime; _module_preset=\u00a0\u00bbdefault\u00a0\u00bb global_colors_info=\u00a0\u00bb{}\u00a0\u00bb][et_pb_text _builder_version=\u00a0\u00bb4.17.6&Prime; _module_preset=\u00a0\u00bbdefault\u00a0\u00bb global_colors_info=\u00a0\u00bb{}\u00a0\u00bb]<\/p>\n<ul>\n<li>Service \u00e0 la client\u00e8le et r\u00e9solution de probl\u00e8mes au quotidien\u2009;<\/li>\n<li>Responsable de l\u2019ensemble des transactions r\u00e9currentes, y compris la configuration des comptes, les d\u00e9p\u00f4ts et retraits, la liaison aux comptes bancaires, les changements concernant les paiements, les confirmations aux clients, et autres t\u00e2ches similaires\u2009;<\/li>\n<li>R\u00e9viser quotidiemment les rapports d&rsquo;activit\u00e9s des clients afin d&rsquo;en assurer l&rsquo;exactitude et la conformit\u00e9\u2009;<\/li>\n<li>Aider dans les activit\u00e9s d&rsquo;ouverture et de transfert de comptes\u2009;<\/li>\n<li>Planifier et prioriser la communication aux clients tout au long de l&rsquo;ann\u00e9e\u2009;<\/li>\n<li>Assurer un niveau \u00e9lev\u00e9 de satisfaction des clients et une r\u00e9ponse rapide \u00e0 leurs demandes.<\/li>\n<\/ul>\n<p>[\/et_pb_text][\/et_pb_column][\/et_pb_row][et_pb_row column_structure=\u00a0\u00bb1_4,3_4&Prime; _builder_version=\u00a0\u00bb4.16&Prime; _module_preset=\u00a0\u00bbdefault\u00a0\u00bb global_colors_info=\u00a0\u00bb{}\u00a0\u00bb][et_pb_column type=\u00a0\u00bb1_4&Prime; _builder_version=\u00a0\u00bb4.16&Prime; _module_preset=\u00a0\u00bbdefault\u00a0\u00bb global_colors_info=\u00a0\u00bb{}\u00a0\u00bb][et_pb_text admin_label=\u00a0\u00bbResponsabilit\u00e9s cl\u00e9s\u00a0\u00bb _builder_version=\u00a0\u00bb4.17.6&Prime; _module_preset=\u00a0\u00bbdefault\u00a0\u00bb text_line_height=\u00a0\u00bb1.4em\u00a0\u00bb header_2_line_height=\u00a0\u00bb1.2em\u00a0\u00bb global_colors_info=\u00a0\u00bb{}\u00a0\u00bb]<\/p>\n<h2>Opportunit\u00e9s de carri\u00e8re<\/h2>\n<p>(apr\u00e8s les deux ou trois premi\u00e8res ann\u00e9es)<\/p>\n<p>[\/et_pb_text][\/et_pb_column][et_pb_column type=\u00a0\u00bb3_4&Prime; _builder_version=\u00a0\u00bb4.16&Prime; _module_preset=\u00a0\u00bbdefault\u00a0\u00bb global_colors_info=\u00a0\u00bb{}\u00a0\u00bb][et_pb_text _builder_version=\u00a0\u00bb4.17.6&Prime; _module_preset=\u00a0\u00bbdefault\u00a0\u00bb global_colors_info=\u00a0\u00bb{}\u00a0\u00bb]<\/p>\n<p>Tout en continuant \u00e0 travailler dans le service \u00e0 la client\u00e8le et les op\u00e9rations, vous commencerez \u00e0 aider les \u00e9quipes de GPA et GP dans le service \u00e0 la client\u00e8le. Voici un aper\u00e7u des responsabilit\u00e9s suppl\u00e9mentaires qui pourraient vous revenir\u00a0:<\/p>\n<ul>\n<li>Assister aux r\u00e9unions consultatives hebdomadaires des GPA et GP\u2009;<\/li>\n<li>Comprendre l&rsquo;investissement bas\u00e9 sur des preuves factuelles\u2009;<\/li>\n<li>Pr\u00e9parer la recherche sur les investissements et les rendements\u2009;<\/li>\n<li>Participer \u00e0 des conf\u00e9rences en ligne sur les placements\u2009;<\/li>\n<li>Pr\u00e9parer les documents pour les r\u00e9unions avec les clients (rapports de portefeuille et de planification)\u2009;<\/li>\n<li>Participer aux balados de notre firme\u00a0: L&rsquo;investisseur transform\u00e9 et The Empowered Investor.<\/li>\n<\/ul>\n<p>[\/et_pb_text][\/et_pb_column][\/et_pb_row][et_pb_row column_structure=\u00a0\u00bb1_4,3_4&Prime; _builder_version=\u00a0\u00bb4.16&Prime; _module_preset=\u00a0\u00bbdefault\u00a0\u00bb global_colors_info=\u00a0\u00bb{}\u00a0\u00bb][et_pb_column type=\u00a0\u00bb1_4&Prime; _builder_version=\u00a0\u00bb4.16&Prime; _module_preset=\u00a0\u00bbdefault\u00a0\u00bb global_colors_info=\u00a0\u00bb{}\u00a0\u00bb][et_pb_text admin_label=\u00a0\u00bbQualifications \u00a0\u00bb _builder_version=\u00a0\u00bb4.16&Prime; _module_preset=\u00a0\u00bbdefault\u00a0\u00bb global_colors_info=\u00a0\u00bb{}\u00a0\u00bb]<\/p>\n<h2>Qualifications<\/h2>\n<p>[\/et_pb_text][\/et_pb_column][et_pb_column type=\u00a0\u00bb3_4&Prime; _builder_version=\u00a0\u00bb4.16&Prime; _module_preset=\u00a0\u00bbdefault\u00a0\u00bb global_colors_info=\u00a0\u00bb{}\u00a0\u00bb][et_pb_text _builder_version=\u00a0\u00bb4.17.6&Prime; _module_preset=\u00a0\u00bbdefault\u00a0\u00bb global_colors_info=\u00a0\u00bb{}\u00a0\u00bb]<\/p>\n<ul>\n<li>Vous \u00eates r\u00e9cemment dipl\u00f4m\u00e9(e) de l&rsquo;universit\u00e9 ou avez une passion de vous lancer dans une carri\u00e8re en gestion de patrimoine\u2009;<\/li>\n<li>Vous \u00eates motiv\u00e9(e) \u00e0 poursuivre vos \u00e9tudes en gestion de patrimoine\u00a0: CIM, CFA, Pl.\u00a0 Fin, etc. ;<\/li>\n<li>Vous avez l&rsquo;esprit d&rsquo;\u00e9quipe et un haut niveau d\u2019empathie\u2009;<\/li>\n<li>Vous \u00eates tr\u00e8s organis\u00e9(e) et avez le sens du d\u00e9tail, avec une forte aptitude pour les chiffres\u2009;<\/li>\n<li>Vous avez d&rsquo;excellentes comp\u00e9tences en mati\u00e8re de service \u00e0 la client\u00e8le et vous vous engagez \u00e0 assumer la responsabilit\u00e9 des clients et\/ou de diff\u00e9rents projets\u2009;<\/li>\n<li>Vous \u00eates un excellent communicateur, aimez tisser des liens, et faites preuve d\u2019un d\u00e9sir sinc\u00e8re d\u2019aider les autres et d\u2019interagir avec eux\u2009;<\/li>\n<li>Vous \u00eates proactif(ve) dans la r\u00e9solution de probl\u00e8mes et l&rsquo;\u00e9coute active\u2009; vous travaillez avec diligence pour am\u00e9liorer la satisfaction du client en faisant preuve d&rsquo;ing\u00e9niosit\u00e9 et d&rsquo;une v\u00e9ritable curiosit\u00e9\u2009;<\/li>\n<li>Vous poss\u00e9dez une solide ma\u00eetrise des logiciels informatiques, en particulier Excel, Word, la maintenance de sites Web et l&rsquo;administration de bases de donn\u00e9es clients\u2009;<\/li>\n<li>Vous lisez, \u00e9crivez et parlez couramment le fran\u00e7ais et l&rsquo;anglais.<\/li>\n<\/ul>\n<p>[\/et_pb_text][\/et_pb_column][\/et_pb_row][et_pb_row column_structure=\u00a0\u00bb1_4,3_4&Prime; _builder_version=\u00a0\u00bb4.16&Prime; _module_preset=\u00a0\u00bbdefault\u00a0\u00bb global_colors_info=\u00a0\u00bb{}\u00a0\u00bb][et_pb_column type=\u00a0\u00bb1_4&Prime; _builder_version=\u00a0\u00bb4.16&Prime; _module_preset=\u00a0\u00bbdefault\u00a0\u00bb global_colors_info=\u00a0\u00bb{}\u00a0\u00bb][et_pb_text admin_label=\u00a0\u00bbAvantages sociaux \u00a0\u00bb _builder_version=\u00a0\u00bb4.16&Prime; _module_preset=\u00a0\u00bbdefault\u00a0\u00bb global_colors_info=\u00a0\u00bb{}\u00a0\u00bb]<\/p>\n<h2>Avantages sociaux\u00a0<\/h2>\n<p>[\/et_pb_text][\/et_pb_column][et_pb_column type=\u00a0\u00bb3_4&Prime; _builder_version=\u00a0\u00bb4.16&Prime; _module_preset=\u00a0\u00bbdefault\u00a0\u00bb global_colors_info=\u00a0\u00bb{}\u00a0\u00bb][et_pb_text module_class=\u00a0\u00bbcustom-text\u00a0\u00bb _builder_version=\u00a0\u00bb4.17.6&Prime; _module_preset=\u00a0\u00bbdefault\u00a0\u00bb global_colors_info=\u00a0\u00bb{}\u00a0\u00bb]<\/p>\n<ul>\n<li>R\u00e9mun\u00e9ration totale (y compris les primes potentielles) entre 55\u2009000\u00a0$ et 60\u2009000\u00a0$\/an\u2009;<\/li>\n<li>Contribution annuelle \u00e0 un REER (3\u2009000\u00a0$\/an jusqu&rsquo;\u00e0 10 ans de service et 5\u2009000\u00a0$\/an par la suite)\u2009;<\/li>\n<li>Assurance en mati\u00e8re de soins dentaires, de sant\u00e9, de m\u00e9dicaments et de vision\u2009;<\/li>\n<li>Stationnement gratuit sur place\u2009;<\/li>\n<li>Trois semaines de vacances pay\u00e9es\u2009;<\/li>\n<li>Deux jours de cong\u00e9 suppl\u00e9mentaires lors de la p\u00e9riode des f\u00eates\u2009;<\/li>\n<li>Cong\u00e9s de maladie pay\u00e9s\u2009;<\/li>\n<li>Cong\u00e9s suppl\u00e9mentaires pour raisons personnelles et familiales\u2009;<\/li>\n<li>Cours de d\u00e9veloppement professionnel pay\u00e9s.<\/li>\n<\/ul>\n<p>[\/et_pb_text][\/et_pb_column][\/et_pb_row][et_pb_row _builder_version=\u00a0\u00bb4.16&Prime; _module_preset=\u00a0\u00bbdefault\u00a0\u00bb global_colors_info=\u00a0\u00bb{}\u00a0\u00bb][et_pb_column type=\u00a0\u00bb4_4&Prime; _builder_version=\u00a0\u00bb4.16&Prime; _module_preset=\u00a0\u00bbdefault\u00a0\u00bb global_colors_info=\u00a0\u00bb{}\u00a0\u00bb][et_pb_cta button_url=\u00a0\u00bbmailto:keith@tma-invest.com\u00a0\u00bb button_text=\u00a0\u00bbAppliquer\u00a0\u00bb admin_label=\u00a0\u00bbappliquer\u00a0\u00bb _builder_version=\u00a0\u00bb4.17.6&Prime; _module_preset=\u00a0\u00bbdefault\u00a0\u00bb background_enable_color=\u00a0\u00bboff\u00a0\u00bb custom_button=\u00a0\u00bbon\u00a0\u00bb button_text_color=\u00a0\u00bb#FFFFFF\u00a0\u00bb button_bg_color=\u00a0\u00bb#5B8395&Prime; button_border_color=\u00a0\u00bb#5B8395&Prime; background_layout=\u00a0\u00bblight\u00a0\u00bb custom_margin=\u00a0\u00bb-3vw||||false|false\u00a0\u00bb custom_margin_tablet=\u00a0\u00bb-3vw||||false|false\u00a0\u00bb custom_margin_phone=\u00a0\u00bb-12vw||||false|false\u00a0\u00bb custom_margin_last_edited=\u00a0\u00bbon|phone\u00a0\u00bb global_colors_info=\u00a0\u00bb{}\u00a0\u00bb button_border_color__hover_enabled=\u00a0\u00bbon|hover\u00a0\u00bb button_border_color__hover=\u00a0\u00bbRGBA(255,255,255,0)\u00a0\u00bb]<\/p>\n<p>Veuillez soumettre votre lettre de motivation et votre curriculum vitae ici\u00a0:<\/p>\n<p>[\/et_pb_cta][\/et_pb_column][\/et_pb_row][\/et_pb_section]<\/p>\n","protected":false},"excerpt":{"rendered":"<p>Rejoignez notre \u00e9quipe en tant qu&rsquo;adjoint(e) et lancez votre carri\u00e8re dans la gestion de patrimoine avec TMA Invest. Opportunit\u00e9s et d\u00e9fis garantis.<\/p>\n","protected":false},"author":18,"featured_media":0,"parent":339458,"menu_order":0,"comment_status":"closed","ping_status":"closed","template":"","meta":{"_et_pb_use_builder":"on","_et_pb_old_content":"","_et_gb_content_width":"","footnotes":""},"class_list":["post-376350","page","type-page","status-publish","hentry"],"_links":{"self":[{"href":"https:\/\/www.tma-invest.com\/fr\/wp-json\/wp\/v2\/pages\/376350","targetHints":{"allow":["GET"]}}],"collection":[{"href":"https:\/\/www.tma-invest.com\/fr\/wp-json\/wp\/v2\/pages"}],"about":[{"href":"https:\/\/www.tma-invest.com\/fr\/wp-json\/wp\/v2\/types\/page"}],"author":[{"embeddable":true,"href":"https:\/\/www.tma-invest.com\/fr\/wp-json\/wp\/v2\/users\/18"}],"replies":[{"embeddable":true,"href":"https:\/\/www.tma-invest.com\/fr\/wp-json\/wp\/v2\/comments?post=376350"}],"version-history":[{"count":0,"href":"https:\/\/www.tma-invest.com\/fr\/wp-json\/wp\/v2\/pages\/376350\/revisions"}],"up":[{"embeddable":true,"href":"https:\/\/www.tma-invest.com\/fr\/wp-json\/wp\/v2\/pages\/339458"}],"wp:attachment":[{"href":"https:\/\/www.tma-invest.com\/fr\/wp-json\/wp\/v2\/media?parent=376350"}],"curies":[{"name":"wp","href":"https:\/\/api.w.org\/{rel}","templated":true}]}}