{"id":376353,"date":"2022-08-11T16:51:41","date_gmt":"2022-08-11T20:51:41","guid":{"rendered":"https:\/\/www.tma-invest.com\/?page_id=376353"},"modified":"2024-07-13T20:43:29","modified_gmt":"2024-07-14T00:43:29","slug":"specialiste-en-declarations-de-revenus","status":"publish","type":"page","link":"https:\/\/www.tma-invest.com\/fr\/carrieres\/specialiste-en-declarations-de-revenus\/","title":{"rendered":"Sp\u00e9cialiste en d\u00e9clarations de revenus"},"content":{"rendered":"<p>[et_pb_section fb_built=\u00a0\u00bb1&Prime; _builder_version=\u00a0\u00bb4.16&Prime; _module_preset=\u00a0\u00bbdefault\u00a0\u00bb global_colors_info=\u00a0\u00bb{}\u00a0\u00bb][et_pb_row custom_padding_last_edited=\u00a0\u00bbon|phone\u00a0\u00bb _builder_version=\u00a0\u00bb4.17.6&Prime; _module_preset=\u00a0\u00bbdefault\u00a0\u00bb custom_margin_tablet=\u00a0\u00bb\u00a0\u00bb custom_margin_phone=\u00a0\u00bb||-12vw||false|false\u00a0\u00bb custom_margin_last_edited=\u00a0\u00bbon|phone\u00a0\u00bb custom_padding_tablet=\u00a0\u00bb\u00a0\u00bb custom_padding_phone=\u00a0\u00bb15vw||||false|false\u00a0\u00bb global_colors_info=\u00a0\u00bb{}\u00a0\u00bb][et_pb_column type=\u00a0\u00bb4_4&Prime; _builder_version=\u00a0\u00bb4.16&Prime; _module_preset=\u00a0\u00bbdefault\u00a0\u00bb global_colors_info=\u00a0\u00bb{}\u00a0\u00bb][et_pb_text _builder_version=\u00a0\u00bb4.16&Prime; _module_preset=\u00a0\u00bbdefault\u00a0\u00bb header_3_font=\u00a0\u00bb|800||on|||||\u00a0\u00bb header_3_text_color=\u00a0\u00bb#5B8395&Prime; header_3_font_size=\u00a0\u00bb19px\u00a0\u00bb header_3_letter_spacing=\u00a0\u00bb2px\u00a0\u00bb global_colors_info=\u00a0\u00bb{}\u00a0\u00bb]<\/p>\n<h3>opportunit\u00e9 d&#8217;emploi<\/h3>\n<p>[\/et_pb_text][et_pb_text _builder_version=\u00a0\u00bb4.17.6&Prime; _module_preset=\u00a0\u00bbdefault\u00a0\u00bb text_line_height=\u00a0\u00bb0.6em\u00a0\u00bb header_font_size=\u00a0\u00bb32px\u00a0\u00bb header_line_height=\u00a0\u00bb1.3em\u00a0\u00bb global_colors_info=\u00a0\u00bb{}\u00a0\u00bb]<\/p>\n<h1>Sp\u00e9cialiste en d\u00e9clarations de revenus souhaitant faire carri\u00e8re en gestion de patrimoine<\/h1>\n<p>&nbsp;<\/p>\n<p><strong>Type\u00a0:<\/strong> Permanent ou temps partiel<\/p>\n<p><strong>Lieu\u00a0:<\/strong> Kirkland, Qu\u00e9bec<\/p>\n<p>[\/et_pb_text][et_pb_divider _builder_version=\u00a0\u00bb4.16&Prime; _module_preset=\u00a0\u00bbdefault\u00a0\u00bb custom_margin=\u00a0\u00bb||-2vw||false|false\u00a0\u00bb global_colors_info=\u00a0\u00bb{}\u00a0\u00bb][\/et_pb_divider][\/et_pb_column][\/et_pb_row][et_pb_row _builder_version=\u00a0\u00bb4.16&Prime; _module_preset=\u00a0\u00bbdefault\u00a0\u00bb global_colors_info=\u00a0\u00bb{}\u00a0\u00bb][et_pb_column type=\u00a0\u00bb4_4&Prime; _builder_version=\u00a0\u00bb4.16&Prime; _module_preset=\u00a0\u00bbdefault\u00a0\u00bb global_colors_info=\u00a0\u00bb{}\u00a0\u00bb][et_pb_text _builder_version=\u00a0\u00bb4.17.6&Prime; _module_preset=\u00a0\u00bbdefault\u00a0\u00bb global_colors_info=\u00a0\u00bb{}\u00a0\u00bb]<\/p>\n<ul>\n<li>Avez-vous envie de devenir un professionnel dans la pr\u00e9paration des d\u00e9clarations de revenus au sein d&rsquo;une firme de gestion de patrimoine bas\u00e9e \u00e0 Montr\u00e9al et ax\u00e9e sur la client\u00e8le ?<\/li>\n<li>Comme nous, \u00eates-vous passionn\u00e9(e) pour la r\u00e9solution proactive de probl\u00e8mes en faisant preuve d&rsquo;une \u00e9coute active et d&rsquo;un suivi assidu afin de contribuer \u00e0 prioriser le bien-\u00eatre financier des clients\u2009?<\/li>\n<li>Aimeriez-vous avoir l&rsquo;occasion d\u2019\u00e9voluer au sein d\u2019une culture de travail harmonieuse, ax\u00e9e sur le travail d&rsquo;\u00e9quipe, qui encourage et soutient la croissance personnelle et professionnelle ?<\/li>\n<li>Poss\u00e9dez-vous une grande curiosit\u00e9 intellectuelle et un fort d\u00e9sir d\u2019apprendre simplement pour le plaisir d&rsquo;apprendre ?<\/li>\n<\/ul>\n<p>Si c&rsquo;est le cas, poursuivez votre lecture pour en savoir davantage sur ce nouveau poste.\u00a0<\/p>\n<p>[\/et_pb_text][\/et_pb_column][\/et_pb_row][et_pb_row column_structure=\u00a0\u00bb1_4,3_4&Prime; _builder_version=\u00a0\u00bb4.16&Prime; _module_preset=\u00a0\u00bbdefault\u00a0\u00bb global_colors_info=\u00a0\u00bb{}\u00a0\u00bb][et_pb_column type=\u00a0\u00bb1_4&Prime; _builder_version=\u00a0\u00bb4.16&Prime; _module_preset=\u00a0\u00bbdefault\u00a0\u00bb global_colors_info=\u00a0\u00bb{}\u00a0\u00bb][et_pb_text admin_label=\u00a0\u00bbSurvol de l\u2019entreprise\u00a0\u00bb _builder_version=\u00a0\u00bb4.17.6&Prime; _module_preset=\u00a0\u00bbdefault\u00a0\u00bb header_2_line_height=\u00a0\u00bb1.2em\u00a0\u00bb global_colors_info=\u00a0\u00bb{}\u00a0\u00bb]<\/p>\n<h2>\u00c0 propos de Tulett, Matthews &amp; Associ\u00e9s<\/h2>\n<p>[\/et_pb_text][\/et_pb_column][et_pb_column type=\u00a0\u00bb3_4&Prime; _builder_version=\u00a0\u00bb4.16&Prime; _module_preset=\u00a0\u00bbdefault\u00a0\u00bb global_colors_info=\u00a0\u00bb{}\u00a0\u00bb][et_pb_text _builder_version=\u00a0\u00bb4.17.6&Prime; _module_preset=\u00a0\u00bbdefault\u00a0\u00bb global_colors_info=\u00a0\u00bb{}\u00a0\u00bb]<\/p>\n<p>Fond\u00e9e en 1995, Tulett, Matthews &amp; Associ\u00e9s est une firme ind\u00e9pendante bas\u00e9e \u00e0 Montr\u00e9al permettant aux professionnels, aux cadres, aux entrepreneurs et aux retrait\u00e9s canadiens de s&rsquo;\u00e9panouir gr\u00e2ce \u00e0 nos solutions int\u00e9gr\u00e9es de gestion de patrimoine. Nos services sur mesure comprennent la gestion de portefeuille, la planification financi\u00e8re, la planification fiscale et des services suppl\u00e9mentaires en fonction des besoins de nos clients.\u00a0\u00a0<\/p>\n<p>Au c\u0153ur de notre succ\u00e8s se trouve l&rsquo;attention que nous portons \u00e0 nos clients, illustr\u00e9e par des conseils objectifs, une planification int\u00e9gr\u00e9e et des strat\u00e9gies fond\u00e9es sur des preuves factuelles, le tout avec une touche bien personnelle.<\/p>\n<p>Plus qu\u2019un lieu o\u00f9 l\u2019on peut apprendre des plus chevronn\u00e9s, nous nous engageons \u00e0 vous offrir des possibilit\u00e9s exceptionnelles de mentorat, de formation et de d\u00e9veloppement. Situ\u00e9 dans l\u2019Ouest-de-l\u2019\u00cele de Montr\u00e9al, notre bureau est un lieu de travail professionnel, lumineux et impr\u00e9gn\u00e9 d\u2019une ambiance positive. Il se trouve tout pr\u00e8s d\u2019un grand stationnement et offre un acc\u00e8s pratique aux transports en commun et aux commodit\u00e9s.<\/p>\n<p>[\/et_pb_text][\/et_pb_column][\/et_pb_row][et_pb_row column_structure=\u00a0\u00bb1_4,3_4&Prime; _builder_version=\u00a0\u00bb4.16&Prime; _module_preset=\u00a0\u00bbdefault\u00a0\u00bb global_colors_info=\u00a0\u00bb{}\u00a0\u00bb][et_pb_column type=\u00a0\u00bb1_4&Prime; _builder_version=\u00a0\u00bb4.16&Prime; _module_preset=\u00a0\u00bbdefault\u00a0\u00bb global_colors_info=\u00a0\u00bb{}\u00a0\u00bb][et_pb_text admin_label=\u00a0\u00bb\u00c0 propos de l\u2019offre \u00a0\u00bb _builder_version=\u00a0\u00bb4.17.6&Prime; _module_preset=\u00a0\u00bbdefault\u00a0\u00bb header_2_line_height=\u00a0\u00bb1.2em\u00a0\u00bb global_colors_info=\u00a0\u00bb{}\u00a0\u00bb]<\/p>\n<h2>\u00c0 propos de cette opportunit\u00e9<\/h2>\n<p>[\/et_pb_text][\/et_pb_column][et_pb_column type=\u00a0\u00bb3_4&Prime; _builder_version=\u00a0\u00bb4.16&Prime; _module_preset=\u00a0\u00bbdefault\u00a0\u00bb global_colors_info=\u00a0\u00bb{}\u00a0\u00bb][et_pb_text _builder_version=\u00a0\u00bb4.17.6&Prime; _module_preset=\u00a0\u00bbdefault\u00a0\u00bb global_colors_info=\u00a0\u00bb{}\u00a0\u00bb]<\/p>\n<p>Ce r\u00f4le est id\u00e9al pour un(e) sp\u00e9cialiste en d\u00e9clarations de revenus hautement professionnel et qualifi\u00e9, dot\u00e9(e) d&rsquo;une forte capacit\u00e9 d&rsquo;analyse et de r\u00e9solution de probl\u00e8mes, de communication avec diff\u00e9rents types de clients et avec la direction. <strong>Il ne s&rsquo;agit pas d&rsquo;un poste \u00e0 temps plein.<\/strong> Ainsi, en fonction du candidat, nous avons la possibilit\u00e9 de combiner ce poste avec d&rsquo;autres r\u00f4les comme celui d\u2019aider \u00e0 d\u00e9velopper notre client\u00e8le ou comme <a href=\"https:\/\/www.tma-invest.com\/fr\/carrieres\/controleur\/\" target=\"_blank\" rel=\"noopener\">contr\u00f4leur<\/a>.<\/p>\n<p>[\/et_pb_text][\/et_pb_column][\/et_pb_row][et_pb_row column_structure=\u00a0\u00bb1_4,3_4&Prime; _builder_version=\u00a0\u00bb4.16&Prime; _module_preset=\u00a0\u00bbdefault\u00a0\u00bb global_colors_info=\u00a0\u00bb{}\u00a0\u00bb][et_pb_column type=\u00a0\u00bb1_4&Prime; _builder_version=\u00a0\u00bb4.16&Prime; _module_preset=\u00a0\u00bbdefault\u00a0\u00bb global_colors_info=\u00a0\u00bb{}\u00a0\u00bb][et_pb_text admin_label=\u00a0\u00bbResponsabilit\u00e9s cl\u00e9s\u00a0\u00bb _builder_version=\u00a0\u00bb4.16&Prime; _module_preset=\u00a0\u00bbdefault\u00a0\u00bb global_colors_info=\u00a0\u00bb{}\u00a0\u00bb]<\/p>\n<h2>Responsabilit\u00e9s cl\u00e9s<\/h2>\n<p>[\/et_pb_text][\/et_pb_column][et_pb_column type=\u00a0\u00bb3_4&Prime; _builder_version=\u00a0\u00bb4.16&Prime; _module_preset=\u00a0\u00bbdefault\u00a0\u00bb global_colors_info=\u00a0\u00bb{}\u00a0\u00bb][et_pb_text _builder_version=\u00a0\u00bb4.17.6&Prime; _module_preset=\u00a0\u00bbdefault\u00a0\u00bb global_colors_info=\u00a0\u00bb{}\u00a0\u00bb]<\/p>\n<ul>\n<li>Pr\u00e9parer et produire des d\u00e9clarations d&rsquo;imp\u00f4ts T1, T2 et T3 simples et complexes, la cl\u00f4ture de l&rsquo;exercice de l&rsquo;entreprise ainsi que la production de documents d&rsquo;imp\u00f4t annuels, y compris les T1135, les certificats de d\u00e9charge, l&rsquo;exemption de r\u00e9sidence principale, etc. ;<\/li>\n<li>S&rsquo;assurer que les clients se conforment aux lois fiscales f\u00e9d\u00e9rales et provinciales\u2009;<\/li>\n<li>Interagir avec les gestionnaires de portefeuille de la firme et interroger les clients afin d\u2019obtenir une image exacte de leur situation fiscale\u2009;<\/li>\n<li>R\u00e9pondre aux avis de l&rsquo;ARC et du MRQ\u2009;<\/li>\n<li>Aider \u00e0 fournir un service \u00e0 la client\u00e8le exceptionnel afin d&rsquo;\u00e9tablir et de maintenir de solides relations avec les clients et d&rsquo;accro\u00eetre la satisfaction de ces derniers en r\u00e9solvant leurs probl\u00e8mes fiscaux de mani\u00e8re rapide et efficace\u2009;<\/li>\n<li>Suivre toutes les proc\u00e9dures de l&rsquo;entreprise concernant le traitement de l&rsquo;information afin d&rsquo;assurer la confidentialit\u00e9 des clients\u2009;<\/li>\n<li>Se tenir au courant des derni\u00e8res lois, r\u00e9glementations et modifications fiscales et effectuer des recherches sur des questions fiscales\u2009;<\/li>\n<li>Apr\u00e8s la saison fiscale, pr\u00e9paration et suivi des demandes de documents ou toutes autres demandes effectu\u00e9es par l&rsquo;ARC et le MRQ\u2009;<\/li>\n<li>Agir en tant que personne-ressource pour notre planificateur financier interne et nos gestionnaires de portefeuille en ce qui concerne la planification pour les particuliers, les compagnies de gestion et les fiducies\u2009;<\/li>\n<li>Supervision d&rsquo;un assistant \u00e0 la pr\u00e9paration des d\u00e9clarations de revenus.<\/li>\n<\/ul>\n<p>[\/et_pb_text][\/et_pb_column][\/et_pb_row][et_pb_row column_structure=\u00a0\u00bb1_4,3_4&Prime; _builder_version=\u00a0\u00bb4.16&Prime; _module_preset=\u00a0\u00bbdefault\u00a0\u00bb global_colors_info=\u00a0\u00bb{}\u00a0\u00bb][et_pb_column type=\u00a0\u00bb1_4&Prime; _builder_version=\u00a0\u00bb4.16&Prime; _module_preset=\u00a0\u00bbdefault\u00a0\u00bb global_colors_info=\u00a0\u00bb{}\u00a0\u00bb][et_pb_text admin_label=\u00a0\u00bbQualifications \u00a0\u00bb _builder_version=\u00a0\u00bb4.16&Prime; _module_preset=\u00a0\u00bbdefault\u00a0\u00bb global_colors_info=\u00a0\u00bb{}\u00a0\u00bb]<\/p>\n<h2>Qualifications<\/h2>\n<p>[\/et_pb_text][\/et_pb_column][et_pb_column type=\u00a0\u00bb3_4&Prime; _builder_version=\u00a0\u00bb4.16&Prime; _module_preset=\u00a0\u00bbdefault\u00a0\u00bb global_colors_info=\u00a0\u00bb{}\u00a0\u00bb][et_pb_text _builder_version=\u00a0\u00bb4.17.6&Prime; _module_preset=\u00a0\u00bbdefault\u00a0\u00bb global_colors_info=\u00a0\u00bb{}\u00a0\u00bb]<\/p>\n<ul>\n<li>Le candidat doit \u00eatre certifi\u00e9 CPA et poss\u00e9der 3 \u00e0 5 ans d&rsquo;exp\u00e9rience dans la pr\u00e9paration des d\u00e9clarations de revenus des particuliers, des soci\u00e9t\u00e9s et des fiducies\u2009;<\/li>\n<li>Poss\u00e9der une solide connaissance des lois fiscales et des aspects techniques lors de la pr\u00e9paration des d\u00e9clarations de revenus et de la conformit\u00e9 ;<\/li>\n<li>Solide ma\u00eetrise des logiciels informatiques suivants\u00a0: Sage, MS Word, Excel et Outlook\u2009;<\/li>\n<li>Capacit\u00e9 \u00e0 travailler dans un environnement dynamique et ax\u00e9 sur le client\u2009;<\/li>\n<li>Bonne communication \u00e9crite et verbale et fortes comp\u00e9tences interpersonnelles\u2009;<\/li>\n<li>Comp\u00e9tences orales bilingues\u2009;<\/li>\n<li>Comp\u00e9tence et aisance avec la technologie de bureau ;<\/li>\n<\/ul>\n<p>[\/et_pb_text][\/et_pb_column][\/et_pb_row][et_pb_row column_structure=\u00a0\u00bb1_4,3_4&Prime; _builder_version=\u00a0\u00bb4.16&Prime; _module_preset=\u00a0\u00bbdefault\u00a0\u00bb global_colors_info=\u00a0\u00bb{}\u00a0\u00bb][et_pb_column type=\u00a0\u00bb1_4&Prime; _builder_version=\u00a0\u00bb4.16&Prime; _module_preset=\u00a0\u00bbdefault\u00a0\u00bb global_colors_info=\u00a0\u00bb{}\u00a0\u00bb][et_pb_text admin_label=\u00a0\u00bbQualifications \u00a0\u00bb _builder_version=\u00a0\u00bb4.17.6&Prime; _module_preset=\u00a0\u00bbdefault\u00a0\u00bb global_colors_info=\u00a0\u00bb{}\u00a0\u00bb]<\/p>\n<h2>Lieu<\/h2>\n<p>[\/et_pb_text][\/et_pb_column][et_pb_column type=\u00a0\u00bb3_4&Prime; _builder_version=\u00a0\u00bb4.16&Prime; _module_preset=\u00a0\u00bbdefault\u00a0\u00bb global_colors_info=\u00a0\u00bb{}\u00a0\u00bb][et_pb_text _builder_version=\u00a0\u00bb4.17.6&Prime; _module_preset=\u00a0\u00bbdefault\u00a0\u00bb global_colors_info=\u00a0\u00bb{}\u00a0\u00bb]<\/p>\n<p>Le candidat retenu travaillera dans notre bureau et rencontrera les clients en personne ou par voie \u00e9lectronique. Au fur et \u00e0 mesure que la pand\u00e9mie de COVID-19 se r\u00e9sorbera, le travail se fera principalement au bureau, mais vous aurez la possibilit\u00e9 de travailler \u00e0 la maison un jour par semaine. Si des restrictions li\u00e9es \u00e0 la COVID-19 sont en vigueur pendant la saison des imp\u00f4ts, le travail pourra \u00eatre effectu\u00e9 selon un horaire hybride.<\/p>\n<p>[\/et_pb_text][\/et_pb_column][\/et_pb_row][et_pb_row column_structure=\u00a0\u00bb1_4,3_4&Prime; _builder_version=\u00a0\u00bb4.16&Prime; _module_preset=\u00a0\u00bbdefault\u00a0\u00bb global_colors_info=\u00a0\u00bb{}\u00a0\u00bb][et_pb_column type=\u00a0\u00bb1_4&Prime; _builder_version=\u00a0\u00bb4.16&Prime; _module_preset=\u00a0\u00bbdefault\u00a0\u00bb global_colors_info=\u00a0\u00bb{}\u00a0\u00bb][et_pb_text admin_label=\u00a0\u00bbAvantages sociaux \u00a0\u00bb _builder_version=\u00a0\u00bb4.16&Prime; _module_preset=\u00a0\u00bbdefault\u00a0\u00bb global_colors_info=\u00a0\u00bb{}\u00a0\u00bb]<\/p>\n<h2>Avantages sociaux\u00a0<\/h2>\n<p>[\/et_pb_text][\/et_pb_column][et_pb_column type=\u00a0\u00bb3_4&Prime; _builder_version=\u00a0\u00bb4.16&Prime; _module_preset=\u00a0\u00bbdefault\u00a0\u00bb global_colors_info=\u00a0\u00bb{}\u00a0\u00bb][et_pb_text module_class=\u00a0\u00bbcustom-text\u00a0\u00bb _builder_version=\u00a0\u00bb4.17.6&Prime; _module_preset=\u00a0\u00bbdefault\u00a0\u00bb global_colors_info=\u00a0\u00bb{}\u00a0\u00bb]<\/p>\n<ul>\n<li>Une r\u00e9mun\u00e9ration de base comp\u00e9titive et la possibilit\u00e9 de primes bas\u00e9es sur la performance de la firme<\/li>\n<li>Contribution annuelle \u00e0 un REER (3\u2009000\u00a0$\/an jusqu&rsquo;\u00e0 10 ans de service et 5\u2009000\u00a0$\/an par la suite)\u2009;<\/li>\n<li>Assurance en mati\u00e8re de soins dentaires, de sant\u00e9, de m\u00e9dicaments et de vision\u2009;<\/li>\n<li>Stationnement gratuit sur place\u2009;<\/li>\n<li>Trois semaines de vacances pay\u00e9es\u2009;<\/li>\n<li>Deux jours de cong\u00e9 suppl\u00e9mentaires lors de la p\u00e9riode des f\u00eates\u2009;<\/li>\n<li>Cong\u00e9s de maladie pay\u00e9s\u2009;<\/li>\n<li>Cong\u00e9s suppl\u00e9mentaires pour raisons personnelles et familiales\u2009;<\/li>\n<li>Cours de d\u00e9veloppement professionnel pay\u00e9s.<\/li>\n<\/ul>\n<p>[\/et_pb_text][\/et_pb_column][\/et_pb_row][et_pb_row _builder_version=\u00a0\u00bb4.16&Prime; _module_preset=\u00a0\u00bbdefault\u00a0\u00bb global_colors_info=\u00a0\u00bb{}\u00a0\u00bb][et_pb_column type=\u00a0\u00bb4_4&Prime; _builder_version=\u00a0\u00bb4.16&Prime; _module_preset=\u00a0\u00bbdefault\u00a0\u00bb global_colors_info=\u00a0\u00bb{}\u00a0\u00bb][et_pb_cta button_url=\u00a0\u00bbmailto:keith@tma-invest.com\u00a0\u00bb button_text=\u00a0\u00bbAppliquer\u00a0\u00bb admin_label=\u00a0\u00bbappliquer\u00a0\u00bb _builder_version=\u00a0\u00bb4.17.6&Prime; _module_preset=\u00a0\u00bbdefault\u00a0\u00bb background_enable_color=\u00a0\u00bboff\u00a0\u00bb custom_button=\u00a0\u00bbon\u00a0\u00bb button_text_color=\u00a0\u00bb#FFFFFF\u00a0\u00bb button_bg_color=\u00a0\u00bb#5B8395&Prime; button_border_color=\u00a0\u00bb#5B8395&Prime; background_layout=\u00a0\u00bblight\u00a0\u00bb custom_margin=\u00a0\u00bb-4vw||||false|false\u00a0\u00bb custom_margin_tablet=\u00a0\u00bb-4vw||||false|false\u00a0\u00bb custom_margin_phone=\u00a0\u00bb-12vw||||false|false\u00a0\u00bb custom_margin_last_edited=\u00a0\u00bbon|phone\u00a0\u00bb global_colors_info=\u00a0\u00bb{}\u00a0\u00bb button_border_color__hover_enabled=\u00a0\u00bbon|hover\u00a0\u00bb button_border_color__hover=\u00a0\u00bbRGBA(255,255,255,0)\u00a0\u00bb]<\/p>\n<p>Veuillez soumettre votre lettre de motivation et votre curriculum vitae ici\u00a0:<\/p>\n<p>[\/et_pb_cta][\/et_pb_column][\/et_pb_row][\/et_pb_section]<\/p>\n","protected":false},"excerpt":{"rendered":"<p>Rejoignez notre \u00e9quipe en tant que sp\u00e9cialiste en d\u00e9clarations de revenus et d\u00e9veloppez votre carri\u00e8re dans une firme de gestion de patrimoine r\u00e9put\u00e9e.<\/p>\n","protected":false},"author":18,"featured_media":0,"parent":339458,"menu_order":0,"comment_status":"closed","ping_status":"closed","template":"","meta":{"_et_pb_use_builder":"on","_et_pb_old_content":"","_et_gb_content_width":"","footnotes":""},"class_list":["post-376353","page","type-page","status-publish","hentry"],"_links":{"self":[{"href":"https:\/\/www.tma-invest.com\/fr\/wp-json\/wp\/v2\/pages\/376353","targetHints":{"allow":["GET"]}}],"collection":[{"href":"https:\/\/www.tma-invest.com\/fr\/wp-json\/wp\/v2\/pages"}],"about":[{"href":"https:\/\/www.tma-invest.com\/fr\/wp-json\/wp\/v2\/types\/page"}],"author":[{"embeddable":true,"href":"https:\/\/www.tma-invest.com\/fr\/wp-json\/wp\/v2\/users\/18"}],"replies":[{"embeddable":true,"href":"https:\/\/www.tma-invest.com\/fr\/wp-json\/wp\/v2\/comments?post=376353"}],"version-history":[{"count":0,"href":"https:\/\/www.tma-invest.com\/fr\/wp-json\/wp\/v2\/pages\/376353\/revisions"}],"up":[{"embeddable":true,"href":"https:\/\/www.tma-invest.com\/fr\/wp-json\/wp\/v2\/pages\/339458"}],"wp:attachment":[{"href":"https:\/\/www.tma-invest.com\/fr\/wp-json\/wp\/v2\/media?parent=376353"}],"curies":[{"name":"wp","href":"https:\/\/api.w.org\/{rel}","templated":true}]}}