{"id":395752,"date":"2025-03-15T22:00:15","date_gmt":"2025-03-16T02:00:15","guid":{"rendered":"https:\/\/www.tma-invest.com\/?page_id=395752"},"modified":"2025-03-17T11:10:08","modified_gmt":"2025-03-17T15:10:08","slug":"controleur-financier","status":"publish","type":"page","link":"https:\/\/www.tma-invest.com\/fr\/carrieres\/controleur-financier\/","title":{"rendered":"Contr\u00f4leur financier"},"content":{"rendered":"<p>[et_pb_section fb_built=\u00a0\u00bb1&Prime; _builder_version=\u00a0\u00bb4.16&Prime; _module_preset=\u00a0\u00bbdefault\u00a0\u00bb global_colors_info=\u00a0\u00bb{}\u00a0\u00bb][et_pb_row custom_padding_last_edited=\u00a0\u00bbon|phone\u00a0\u00bb _builder_version=\u00a0\u00bb4.17.6&Prime; _module_preset=\u00a0\u00bbdefault\u00a0\u00bb custom_margin_tablet=\u00a0\u00bb\u00a0\u00bb custom_margin_phone=\u00a0\u00bb||-12vw||false|false\u00a0\u00bb custom_margin_last_edited=\u00a0\u00bbon|phone\u00a0\u00bb custom_padding_tablet=\u00a0\u00bb\u00a0\u00bb custom_padding_phone=\u00a0\u00bb15vw||||false|false\u00a0\u00bb global_colors_info=\u00a0\u00bb{}\u00a0\u00bb][et_pb_column type=\u00a0\u00bb4_4&Prime; _builder_version=\u00a0\u00bb4.16&Prime; _module_preset=\u00a0\u00bbdefault\u00a0\u00bb global_colors_info=\u00a0\u00bb{}\u00a0\u00bb][et_pb_text _builder_version=\u00a0\u00bb4.16&Prime; _module_preset=\u00a0\u00bbdefault\u00a0\u00bb header_3_font=\u00a0\u00bb|800||on|||||\u00a0\u00bb header_3_text_color=\u00a0\u00bb#5B8395&Prime; header_3_font_size=\u00a0\u00bb19px\u00a0\u00bb header_3_letter_spacing=\u00a0\u00bb2px\u00a0\u00bb global_colors_info=\u00a0\u00bb{}\u00a0\u00bb]<\/p>\n<h3>opportunit\u00e9 d&#8217;emploi<\/h3>\n<p>[\/et_pb_text][et_pb_text _builder_version=\u00a0\u00bb4.27.4&Prime; _module_preset=\u00a0\u00bbdefault\u00a0\u00bb text_line_height=\u00a0\u00bb0.6em\u00a0\u00bb header_font_size=\u00a0\u00bb32px\u00a0\u00bb header_line_height=\u00a0\u00bb1.3em\u00a0\u00bb hover_enabled=\u00a0\u00bb0&Prime; global_colors_info=\u00a0\u00bb{}\u00a0\u00bb sticky_enabled=\u00a0\u00bb0&Prime;]<\/p>\n<h1><span>Contr\u00f4leur(se) financier(\u00e8re)<\/span><\/h1>\n<p>&nbsp;<\/p>\n<p><strong>Type :\u00a0<\/strong>Poste permanent : trois jours par semaine avec possibilit\u00e9 de temps plein<\/p>\n<p><strong>Lieu\u00a0:<\/strong> Kirkland, Qu\u00e9bec<\/p>\n<p>[\/et_pb_text][et_pb_divider _builder_version=\u00a0\u00bb4.16&Prime; _module_preset=\u00a0\u00bbdefault\u00a0\u00bb custom_margin=\u00a0\u00bb||-2vw||false|false\u00a0\u00bb global_colors_info=\u00a0\u00bb{}\u00a0\u00bb][\/et_pb_divider][\/et_pb_column][\/et_pb_row][et_pb_row _builder_version=\u00a0\u00bb4.16&Prime; _module_preset=\u00a0\u00bbdefault\u00a0\u00bb global_colors_info=\u00a0\u00bb{}\u00a0\u00bb][et_pb_column type=\u00a0\u00bb4_4&Prime; _builder_version=\u00a0\u00bb4.16&Prime; _module_preset=\u00a0\u00bbdefault\u00a0\u00bb global_colors_info=\u00a0\u00bb{}\u00a0\u00bb][et_pb_text _builder_version=\u00a0\u00bb4.27.4&Prime; _module_preset=\u00a0\u00bbdefault\u00a0\u00bb hover_enabled=\u00a0\u00bb0&Prime; global_colors_info=\u00a0\u00bb{}\u00a0\u00bb sticky_enabled=\u00a0\u00bb0&Prime;]<\/p>\n<ul>\n<li>Seriez-vous int\u00e9ress\u00e9 \u00e0 devenir <span>Contr\u00f4leur(se) financier(\u00e8re)<\/span> au sein d\u2019une firme de gestion de patrimoine bas\u00e9e \u00e0 Montr\u00e9al, avec une approche rigoureuse ax\u00e9e sur le client?<\/li>\n<li>Aimeriez-vous occuper un poste de direction et de leadership au sein d\u2019une culture d\u2019\u00e9quipe harmonieuse, o\u00f9 nous encourageons et soutenons la croissance personnelle et professionnelle?<\/li>\n<li>\u00cates-vous int\u00e9ress\u00e9(e) \u00e0 fa\u00e7onner l\u2019avenir d\u2019une firme de gestion de patrimoine respect\u00e9e?<\/li>\n<\/ul>\n<p>[\/et_pb_text][\/et_pb_column][\/et_pb_row][et_pb_row column_structure=\u00a0\u00bb1_4,3_4&Prime; _builder_version=\u00a0\u00bb4.16&Prime; _module_preset=\u00a0\u00bbdefault\u00a0\u00bb global_colors_info=\u00a0\u00bb{}\u00a0\u00bb][et_pb_column type=\u00a0\u00bb1_4&Prime; _builder_version=\u00a0\u00bb4.16&Prime; _module_preset=\u00a0\u00bbdefault\u00a0\u00bb global_colors_info=\u00a0\u00bb{}\u00a0\u00bb][et_pb_text admin_label=\u00a0\u00bbSurvol de l\u2019entreprise\u00a0\u00bb _builder_version=\u00a0\u00bb4.17.6&Prime; _module_preset=\u00a0\u00bbdefault\u00a0\u00bb header_2_line_height=\u00a0\u00bb1.2em\u00a0\u00bb global_colors_info=\u00a0\u00bb{}\u00a0\u00bb]<\/p>\n<h2>\u00c0 propos de Tulett, Matthews &amp; Associ\u00e9s<\/h2>\n<p>[\/et_pb_text][\/et_pb_column][et_pb_column type=\u00a0\u00bb3_4&Prime; _builder_version=\u00a0\u00bb4.16&Prime; _module_preset=\u00a0\u00bbdefault\u00a0\u00bb global_colors_info=\u00a0\u00bb{}\u00a0\u00bb][et_pb_text _builder_version=\u00a0\u00bb4.27.4&Prime; _module_preset=\u00a0\u00bbdefault\u00a0\u00bb global_colors_info=\u00a0\u00bb{}\u00a0\u00bb]<\/p>\n<p>Fond\u00e9e en 1995, Tulett, Matthews &amp; Associates est une firme ind\u00e9pendante bas\u00e9e \u00e0 Montr\u00e9al qui accompagne les professionnels, cadres, entrepreneurs et retrait\u00e9s canadiens gr\u00e2ce \u00e0 des solutions int\u00e9gr\u00e9es de gestion de patrimoine. Nos services sur mesure comprennent la gestion de portefeuille, la planification financi\u00e8re et successorale, la planification fiscale et un accompagnement personnalis\u00e9 selon les besoins.\u00a0<\/p>\n<p>Au c\u0153ur de notre succ\u00e8s se trouve l\u2019attention que nous portons \u00e0 nos clients, illustr\u00e9e par des conseils objectifs, une planification int\u00e9gr\u00e9e et des strat\u00e9gies fond\u00e9es sur des preuves factuelles, le tout avec une touche humaine.<\/p>\n<p>Plus qu&rsquo;un simple lieu d&rsquo;apprentissage aupr\u00e8s de professionnels chevronn\u00e9s, nous nous engageons \u00e0 vous offrir des possibilit\u00e9s exceptionnelles de mentorat, de formation et de d\u00e9veloppement. Situ\u00e9 dans l\u2019Ouest-de-l\u2019\u00cele de Montr\u00e9al, notre bureau est un espace de travail professionnel, lumineux et impr\u00e9gn\u00e9 d\u2019une ambiance positive. Il se trouve tout pr\u00e8s d\u2019un grand stationnement et offre un acc\u00e8s pratique aux transports en commun et aux commodit\u00e9s. <\/p>\n<p>[\/et_pb_text][\/et_pb_column][\/et_pb_row][et_pb_row column_structure=\u00a0\u00bb1_4,3_4&Prime; _builder_version=\u00a0\u00bb4.16&Prime; _module_preset=\u00a0\u00bbdefault\u00a0\u00bb custom_padding=\u00a0\u00bb||4px|||\u00a0\u00bb global_colors_info=\u00a0\u00bb{}\u00a0\u00bb][et_pb_column type=\u00a0\u00bb1_4&Prime; _builder_version=\u00a0\u00bb4.16&Prime; _module_preset=\u00a0\u00bbdefault\u00a0\u00bb global_colors_info=\u00a0\u00bb{}\u00a0\u00bb][et_pb_text admin_label=\u00a0\u00bbResponsabilit\u00e9s cl\u00e9s\u00a0\u00bb _builder_version=\u00a0\u00bb4.27.4&Prime; _module_preset=\u00a0\u00bbdefault\u00a0\u00bb global_colors_info=\u00a0\u00bb{}\u00a0\u00bb]<\/p>\n<h2>Principales responsabilit\u00e9s<\/h2>\n<p>[\/et_pb_text][\/et_pb_column][et_pb_column type=\u00a0\u00bb3_4&Prime; _builder_version=\u00a0\u00bb4.16&Prime; _module_preset=\u00a0\u00bbdefault\u00a0\u00bb global_colors_info=\u00a0\u00bb{}\u00a0\u00bb][et_pb_text _builder_version=\u00a0\u00bb4.27.4&Prime; _module_preset=\u00a0\u00bbdefault\u00a0\u00bb hover_enabled=\u00a0\u00bb0&Prime; global_colors_info=\u00a0\u00bb{}\u00a0\u00bb sticky_enabled=\u00a0\u00bb0&Prime;]<\/p>\n<ol>\n<li><strong>Supervision financi\u00e8re<\/strong>\n<ul>\n<li>S\u2019assurer de l\u2019exactitude financi\u00e8re en collaboration avec Serene Accounting.<\/li>\n<li>G\u00e9rer la gestion quotidienne, mensuelle, trimestrielle et annuelle des flux de tr\u00e9sorerie financiers<\/li>\n<li>Superviser la pr\u00e9paration et l\u2019examen des \u00e9tats financiers, budgets et pr\u00e9visions.<\/li>\n<li><span>Travailler avec le Chef(fe) de la Conformit\u00e9 pour veiller au respect des normes comptables et r\u00e9glementations financi\u00e8res<\/span><\/li>\n<\/ul>\n<\/li>\n<li><strong>Conformit\u00e9 r\u00e9glementaire<\/strong>\n<ul>\n<li><span>Travailler avec le Chef(fe) de la Conformit\u00e9 pour assurer la liaison aupr\u00e8s des organismes de r\u00e9glementation en mati\u00e8re de conformit\u00e9 financi\u00e8re.<\/span><\/li>\n<li>Coordonner les audits financiers et la production des rapports annuels.<\/li>\n<\/ul>\n<\/li>\n<li><strong>Contribution strat\u00e9gique<\/strong>\n<ul>\n<li>Fournir des analyses financi\u00e8res pour soutenir les d\u00e9cisions strat\u00e9giques de la firme.<\/li>\n<li>Participer \u00e0 la planification financi\u00e8re \u00e0 long terme en lien avec les objectifs de la firme.<\/li>\n<\/ul>\n<\/li>\n<li><strong>Leadership d\u2019\u00e9quipe<\/strong>\n<ul>\n<li>Diriger les op\u00e9rations financi\u00e8res en collaboration avec les parties prenantes internes et externes.<\/li>\n<\/ul>\n<\/li>\n<li><strong>Relations avec les actionnaires<\/strong>\n<ul>\n<li>G\u00e9rer les communications financi\u00e8res et les ententes avec les actionnaires, ainsi que les distributions de dividendes.<\/li>\n<\/ul>\n<\/li>\n<li><strong>Optimisation technologique<\/strong>\n<ul>\n<li>Utiliser des outils infonuagiques tels que QuickBooks et Microsoft 365 pour optimiser la gestion financi\u00e8re.<\/li>\n<\/ul>\n<\/li>\n<\/ol>\n<ul>\n<li style=\"list-style-type: none;\">\n<ul><\/ul>\n<\/li>\n<\/ul>\n<p>[\/et_pb_text][\/et_pb_column][\/et_pb_row][et_pb_row column_structure=\u00a0\u00bb1_4,3_4&Prime; _builder_version=\u00a0\u00bb4.16&Prime; _module_preset=\u00a0\u00bbdefault\u00a0\u00bb global_colors_info=\u00a0\u00bb{}\u00a0\u00bb][et_pb_column type=\u00a0\u00bb1_4&Prime; _builder_version=\u00a0\u00bb4.16&Prime; _module_preset=\u00a0\u00bbdefault\u00a0\u00bb global_colors_info=\u00a0\u00bb{}\u00a0\u00bb][et_pb_text admin_label=\u00a0\u00bbQualifications \u00a0\u00bb _builder_version=\u00a0\u00bb4.16&Prime; _module_preset=\u00a0\u00bbdefault\u00a0\u00bb global_colors_info=\u00a0\u00bb{}\u00a0\u00bb]<\/p>\n<h2>Qualifications<\/h2>\n<p>[\/et_pb_text][\/et_pb_column][et_pb_column type=\u00a0\u00bb3_4&Prime; _builder_version=\u00a0\u00bb4.16&Prime; _module_preset=\u00a0\u00bbdefault\u00a0\u00bb global_colors_info=\u00a0\u00bb{}\u00a0\u00bb][et_pb_text _builder_version=\u00a0\u00bb4.27.4&Prime; _module_preset=\u00a0\u00bbdefault\u00a0\u00bb hover_enabled=\u00a0\u00bb0&Prime; global_colors_info=\u00a0\u00bb{}\u00a0\u00bb sticky_enabled=\u00a0\u00bb0&Prime;]<\/p>\n<ul>\n<li><span>Le candidat(e) id\u00e9al(e) d\u00e9tient un dipl\u00f4me universitaire en comptabilit\u00e9, finance ou administration des affaires, ainsi que le titre de CPA.<\/span><\/li>\n<li>7 \u00e0 10 ans et plus d&rsquo;exp\u00e9rience en comptabilit\u00e9, id\u00e9alement en comptabilit\u00e9 publique, en finance d&rsquo;entreprise ou dans le secteur de la gestion de patrimoine.<\/li>\n<li><span>Expertise en logiciels de comptabilit\u00e9 et de pr\u00e9visions financi\u00e8res<\/span>.<\/li>\n<li><span>Gestion des flux de tr\u00e9sorerie, pr\u00e9visions budg\u00e9taires et projections financi\u00e8res<\/span>.<\/li>\n<li>Id\u00e9alement, exp\u00e9rience en conformit\u00e9 r\u00e9glementaire.<\/li>\n<li>Excellentes comp\u00e9tences en communication et en relations interpersonnelles.<\/li>\n<li>Bilinguisme anglais-fran\u00e7ais.<\/li>\n<li>Aisance avec la technologie et capacit\u00e9 \u00e0 s\u2019adapter \u00e0 de nouveaux syst\u00e8mes.<\/li>\n<\/ul>\n<p>[\/et_pb_text][\/et_pb_column][\/et_pb_row][et_pb_row column_structure=\u00a0\u00bb1_4,3_4&Prime; _builder_version=\u00a0\u00bb4.16&Prime; _module_preset=\u00a0\u00bbdefault\u00a0\u00bb global_colors_info=\u00a0\u00bb{}\u00a0\u00bb][et_pb_column type=\u00a0\u00bb1_4&Prime; _builder_version=\u00a0\u00bb4.16&Prime; _module_preset=\u00a0\u00bbdefault\u00a0\u00bb global_colors_info=\u00a0\u00bb{}\u00a0\u00bb][et_pb_text admin_label=\u00a0\u00bbQualifications \u00a0\u00bb _builder_version=\u00a0\u00bb4.17.6&Prime; _module_preset=\u00a0\u00bbdefault\u00a0\u00bb global_colors_info=\u00a0\u00bb{}\u00a0\u00bb]<\/p>\n<h2>Lieu<\/h2>\n<p>[\/et_pb_text][\/et_pb_column][et_pb_column type=\u00a0\u00bb3_4&Prime; _builder_version=\u00a0\u00bb4.16&Prime; _module_preset=\u00a0\u00bbdefault\u00a0\u00bb global_colors_info=\u00a0\u00bb{}\u00a0\u00bb][et_pb_text _builder_version=\u00a0\u00bb4.27.4&Prime; _module_preset=\u00a0\u00bbdefault\u00a0\u00bb global_colors_info=\u00a0\u00bb{}\u00a0\u00bb]<\/p>\n<p>Principalement en pr\u00e9sentiel, avec possibilit\u00e9 de t\u00e9l\u00e9travail 1 \u00e0 2 jours par semaine.<\/p>\n<p>[\/et_pb_text][\/et_pb_column][\/et_pb_row][et_pb_row column_structure=\u00a0\u00bb1_4,3_4&Prime; _builder_version=\u00a0\u00bb4.16&Prime; _module_preset=\u00a0\u00bbdefault\u00a0\u00bb global_colors_info=\u00a0\u00bb{}\u00a0\u00bb][et_pb_column type=\u00a0\u00bb1_4&Prime; _builder_version=\u00a0\u00bb4.16&Prime; _module_preset=\u00a0\u00bbdefault\u00a0\u00bb global_colors_info=\u00a0\u00bb{}\u00a0\u00bb][et_pb_text admin_label=\u00a0\u00bbAvantages sociaux \u00a0\u00bb _builder_version=\u00a0\u00bb4.27.4&Prime; _module_preset=\u00a0\u00bbdefault\u00a0\u00bb global_colors_info=\u00a0\u00bb{}\u00a0\u00bb]<\/p>\n<h2>R\u00e9mun\u00e9ration et avantages sociaux :<\/h2>\n<p>[\/et_pb_text][\/et_pb_column][et_pb_column type=\u00a0\u00bb3_4&Prime; _builder_version=\u00a0\u00bb4.16&Prime; _module_preset=\u00a0\u00bbdefault\u00a0\u00bb global_colors_info=\u00a0\u00bb{}\u00a0\u00bb][et_pb_text module_class=\u00a0\u00bbcustom-text\u00a0\u00bb _builder_version=\u00a0\u00bb4.27.4&Prime; _module_preset=\u00a0\u00bbdefault\u00a0\u00bb hover_enabled=\u00a0\u00bb0&Prime; global_colors_info=\u00a0\u00bb{}\u00a0\u00bb sticky_enabled=\u00a0\u00bb0&Prime;]<\/p>\n<ul>\n<li>Salaire comp\u00e9titif en fonction de l\u2019exp\u00e9rience.<\/li>\n<li><span>Avantages sociaux complets incluant contributions au REER, et une couverture sant\u00e9 et dentaire<\/span>.<\/li>\n<li>Possibilit\u00e9 de devenir actionnaire de la firme.<\/li>\n<li>Soutien au d\u00e9veloppement professionnel.<\/li>\n<\/ul>\n<p>[\/et_pb_text][\/et_pb_column][\/et_pb_row][et_pb_row _builder_version=\u00a0\u00bb4.16&Prime; _module_preset=\u00a0\u00bbdefault\u00a0\u00bb global_colors_info=\u00a0\u00bb{}\u00a0\u00bb][et_pb_column type=\u00a0\u00bb4_4&Prime; _builder_version=\u00a0\u00bb4.16&Prime; _module_preset=\u00a0\u00bbdefault\u00a0\u00bb global_colors_info=\u00a0\u00bb{}\u00a0\u00bb][et_pb_cta button_url=\u00a0\u00bbmailto:keith@tma-invest.com\u00a0\u00bb button_text=\u00a0\u00bbAppliquer\u00a0\u00bb admin_label=\u00a0\u00bbappliquer\u00a0\u00bb _builder_version=\u00a0\u00bb4.27.4&Prime; _module_preset=\u00a0\u00bbdefault\u00a0\u00bb background_enable_color=\u00a0\u00bboff\u00a0\u00bb custom_button=\u00a0\u00bbon\u00a0\u00bb button_text_color=\u00a0\u00bb#FFFFFF\u00a0\u00bb button_bg_color=\u00a0\u00bb#5B8395&Prime; button_border_color=\u00a0\u00bb#5B8395&Prime; background_layout=\u00a0\u00bblight\u00a0\u00bb custom_margin=\u00a0\u00bb-4vw||||false|false\u00a0\u00bb custom_margin_tablet=\u00a0\u00bb-4vw||||false|false\u00a0\u00bb custom_margin_phone=\u00a0\u00bb-12vw||||false|false\u00a0\u00bb custom_margin_last_edited=\u00a0\u00bbon|phone\u00a0\u00bb hover_enabled=\u00a0\u00bb0&Prime; global_colors_info=\u00a0\u00bb{}\u00a0\u00bb button_border_color__hover_enabled=\u00a0\u00bbon|hover\u00a0\u00bb button_border_color__hover=\u00a0\u00bbRGBA(255,255,255,0)\u00a0\u00bb sticky_enabled=\u00a0\u00bb0&Prime;]<\/p>\n<p>Si vous souhaitez relever ce d\u00e9fi en tant que <span>Contr\u00f4leur(se) financier(\u00e8re) <\/span>chez Tulett, Matthews &amp; Associ\u00e9s, nous serions ravis de vous rencontrer. Merci d\u2019envoyer votre CV accompagn\u00e9 d\u2019une lettre de motivation d\u00e9taillant votre exp\u00e9rience pertinente.<\/p>\n<p>Veuillez soumettre votre lettre de motivation et votre curriculum vitae ici\u00a0:<\/p>\n<p>[\/et_pb_cta][\/et_pb_column][\/et_pb_row][\/et_pb_section]<\/p>\n","protected":false},"excerpt":{"rendered":"<p>Avez-vous envie de devenir responsable de la conformit\u00e9 au sein d&rsquo;une firme de gestion de patrimoine bas\u00e9e \u00e0 Montr\u00e9al et ax\u00e9e sur la client\u00e8le\u2009? <\/p>\n","protected":false},"author":29,"featured_media":0,"parent":339458,"menu_order":0,"comment_status":"closed","ping_status":"closed","template":"","meta":{"_et_pb_use_builder":"on","_et_pb_old_content":"","_et_gb_content_width":"","footnotes":""},"class_list":["post-395752","page","type-page","status-publish","hentry"],"_links":{"self":[{"href":"https:\/\/www.tma-invest.com\/fr\/wp-json\/wp\/v2\/pages\/395752","targetHints":{"allow":["GET"]}}],"collection":[{"href":"https:\/\/www.tma-invest.com\/fr\/wp-json\/wp\/v2\/pages"}],"about":[{"href":"https:\/\/www.tma-invest.com\/fr\/wp-json\/wp\/v2\/types\/page"}],"author":[{"embeddable":true,"href":"https:\/\/www.tma-invest.com\/fr\/wp-json\/wp\/v2\/users\/29"}],"replies":[{"embeddable":true,"href":"https:\/\/www.tma-invest.com\/fr\/wp-json\/wp\/v2\/comments?post=395752"}],"version-history":[{"count":0,"href":"https:\/\/www.tma-invest.com\/fr\/wp-json\/wp\/v2\/pages\/395752\/revisions"}],"up":[{"embeddable":true,"href":"https:\/\/www.tma-invest.com\/fr\/wp-json\/wp\/v2\/pages\/339458"}],"wp:attachment":[{"href":"https:\/\/www.tma-invest.com\/fr\/wp-json\/wp\/v2\/media?parent=395752"}],"curies":[{"name":"wp","href":"https:\/\/api.w.org\/{rel}","templated":true}]}}