{"id":500,"date":"2018-03-22T20:13:05","date_gmt":"2018-03-22T20:13:05","guid":{"rendered":"https:\/\/www.tma-invest.com\/professionnels\/"},"modified":"2018-04-02T19:37:37","modified_gmt":"2018-04-02T19:37:37","slug":"professionnels","status":"publish","type":"page","link":"https:\/\/www.tma-invest.com\/fr\/professionnels\/","title":{"rendered":"Professionnels"},"content":{"rendered":"<p>[et_pb_section bb_built=\u00a0\u00bb1&Prime; background_color=\u00a0\u00bb#374c55&Prime; fullwidth=\u00a0\u00bbon\u00a0\u00bb _builder_version=\u00a0\u00bb3.0.101&Prime; background_image=\u00a0\u00bbhttps:\/\/www.tma-invest.com\/wp-content\/uploads\/2018\/02\/Professionals-Header-Image.jpg\u00a0\u00bb next_background_color=\u00a0\u00bb#ffffff\u00a0\u00bb][et_pb_fullwidth_header title=\u00a0\u00bbProfessionnels \u00a0\u00bb _builder_version=\u00a0\u00bb3.0.101&Prime; custom_css_title=\u00a0\u00bbfont-size: 48px;||font-weight: normal;||font-style: normal;||font-stretch: normal;||line-height: normal;||letter-spacing: -1px;||text-align: center;||color: #ffffff;\u00a0\u00bb custom_css_subtitle=\u00a0\u00bbfont-size: 24px;||font-weight: 300;||font-style: normal;||font-stretch: normal;||line-height: 1.25;||letter-spacing: 0.5px;||text-align: center;||color: #ffffff;\u00a0\u00bb \/][\/et_pb_section][et_pb_section bb_built=\u00a0\u00bb1&Prime; _builder_version=\u00a0\u00bb3.0.101&Prime; custom_padding=\u00a0\u00bb0px||0px|\u00a0\u00bb prev_background_color=\u00a0\u00bb#374c55&Prime; next_background_color=\u00a0\u00bb#000000&Prime;][et_pb_row padding_top_1=\u00a0\u00bb30px\u00a0\u00bb padding_right_1=\u00a0\u00bb30px\u00a0\u00bb padding_bottom_1=\u00a0\u00bb30px\u00a0\u00bb padding_left_1=\u00a0\u00bb30px\u00a0\u00bb module_class_1=\u00a0\u00bbtma-boxy\u00a0\u00bb custom_css_main_1=\u00a0\u00bbmargin-top: -35px;||margin-bottom: -35px;\u00a0\u00bb _builder_version=\u00a0\u00bb3.0.101&Prime;][et_pb_column type=\u00a0\u00bb4_4&Prime;][et_pb_text _builder_version=\u00a0\u00bb3.0.106&Prime; text_font=\u00a0\u00bb||||||||\u00a0\u00bb text_text_color=\u00a0\u00bb#3F403F\u00a0\u00bb]<\/p>\n<div class=\"tma-row\">\n<div class=\"tma-col-sm-auto tma-none tma-sm-block\"><img decoding=\"async\" src=\"https:\/\/www.tma-invest.com\/wp-content\/uploads\/2018\/02\/Professional.svg\" alt=\"\" class=\"alignnone size-full wp-image-77\"><\/div>\n<div class=\"tma-col\">En g\u00e9n\u00e9ral, nous desservons des professionnels chevronn\u00e9s, \u00e2g\u00e9s entre 40 et 65 ans, ayant une carri\u00e8re active, fructueuse et peu de temps. Ils veulent s\u2019assurer d\u2019\u00eatre engag\u00e9s dans la bonne voie en vue d\u2019atteindre leurs objectifs de retraite, tout en remboursant leur pr\u00eat hypoth\u00e9caire, leurs dettes et en couvrant les frais de scolarit\u00e9 de leurs enfants.<\/p>\n<p>Ils voient leur retraite s\u2019approcher. Ils ont donc besoin d\u2019aide pour bien la planifier.<br \/>\nIls recherchent un processus d\u2019investissement responsable et disciplin\u00e9, comprenant un plan d\u2019action ax\u00e9 sur un syst\u00e8me de gestion de patrimoine int\u00e9gr\u00e9e et une croissance \u00e0 long terme.<\/p>\n<p>Notre approche int\u00e9gr\u00e9e dans la gestion de portefeuille et nos conseils financiers sans conflit d\u2019int\u00e9r\u00eats procurent la tranquillit\u00e9 d\u2019esprit \u00e0 notre client\u00e8le de professionnels qui utilisent nos services en gestion de patrimoine. Avec notre expertise et exp\u00e9rience, il nous fera plaisir de vous aider \u00e0 cr\u00e9er un plan concret pour vous et votre famille.<\/p><\/div>\n<\/div>\n<p>[\/et_pb_text][\/et_pb_column][\/et_pb_row][\/et_pb_section][et_pb_section bb_built=\u00a0\u00bb1&Prime; custom_padding_last_edited=\u00a0\u00bbon|tablet\u00a0\u00bb _builder_version=\u00a0\u00bb3.0.105&Prime; custom_padding=\u00a0\u00bb||0px|\u00a0\u00bb custom_padding_tablet=\u00a0\u00bb||4%|\u00a0\u00bb custom_css_main_element=\u00a0\u00bbbackground-image: linear-gradient(to top, #5b8395, #94b3c1);\u00a0\u00bb prev_background_color=\u00a0\u00bb#000000&Prime; next_background_color=\u00a0\u00bb#9fb5bf\u00a0\u00bb][et_pb_row use_custom_gutter=\u00a0\u00bbon\u00a0\u00bb gutter_width=\u00a0\u00bb2&Prime; custom_padding=\u00a0\u00bb||0px|\u00a0\u00bb custom_padding_tablet=\u00a0\u00bb||2%|\u00a0\u00bb make_equal=\u00a0\u00bbon\u00a0\u00bb padding_top_1=\u00a0\u00bb20px\u00a0\u00bb padding_right_1=\u00a0\u00bb20px\u00a0\u00bb padding_bottom_1=\u00a0\u00bb20px\u00a0\u00bb padding_left_1=\u00a0\u00bb20px\u00a0\u00bb padding_top_2=\u00a0\u00bb20px\u00a0\u00bb padding_right_2=\u00a0\u00bb20px\u00a0\u00bb padding_bottom_2=\u00a0\u00bb20px\u00a0\u00bb padding_left_2=\u00a0\u00bb20px\u00a0\u00bb padding_top_3=\u00a0\u00bb20px\u00a0\u00bb padding_right_3=\u00a0\u00bb20px\u00a0\u00bb padding_bottom_3=\u00a0\u00bb20px\u00a0\u00bb padding_left_3=\u00a0\u00bb20px\u00a0\u00bb module_class_1=\u00a0\u00bbtma-boxy\u00a0\u00bb module_class_2=\u00a0\u00bbtma-boxy\u00a0\u00bb module_class_3=\u00a0\u00bbtma-boxy\u00a0\u00bb custom_css_main_1=\u00a0\u00bbmargin-bottom: -30px;\u00a0\u00bb custom_css_main_2=\u00a0\u00bbmargin-bottom: -30px;\u00a0\u00bb custom_css_main_3=\u00a0\u00bbmargin-bottom: -30px;\u00a0\u00bb custom_padding_last_edited=\u00a0\u00bbon|desktop\u00a0\u00bb _builder_version=\u00a0\u00bb3.0.105&Prime; custom_margin_last_edited=\u00a0\u00bboff|desktop\u00a0\u00bb][et_pb_column type=\u00a0\u00bb1_3&Prime;][et_pb_image src=\u00a0\u00bbhttps:\/\/www.tma-invest.com\/wp-content\/uploads\/2018\/02\/Take-Control-Of-Your-Personal-Financial-Plan@2x.png\u00a0\u00bb align=\u00a0\u00bbcenter\u00a0\u00bb _builder_version=\u00a0\u00bb3.0.101&Prime; custom_margin=\u00a0\u00bb-70px|||\u00a0\u00bb custom_margin_tablet=\u00a0\u00bb0px|||\u00a0\u00bb custom_margin_last_edited=\u00a0\u00bbon|desktop\u00a0\u00bb \/][et_pb_text admin_label=\u00a0\u00bbHeading\u00a0\u00bb _builder_version=\u00a0\u00bb3.0.101&Prime; custom_css_main_element=\u00a0\u00bbfont-size: 20px;||font-weight: 600;||font-style: normal;||font-stretch: normal;||line-height: 1.1;||letter-spacing: -0.2px;||text-align: center;||color: #5b8395;\u00a0\u00bb]<\/p>\n<p>Prenez vos finances personnelles en main<\/p>\n<p>[\/et_pb_text][et_pb_text _builder_version=\u00a0\u00bb3.0.106&Prime; custom_css_main_element=\u00a0\u00bbfont-size: 14px;||font-weight: 300;||font-style: normal;||font-stretch: normal;||line-height: 1.43;||letter-spacing: 0.5px;||text-align: center;||color: #747474;\u00a0\u00bb text_font=\u00a0\u00bb||||||||\u00a0\u00bb text_text_color=\u00a0\u00bb#3F403F\u00a0\u00bb]<\/p>\n<p>Une planification financi\u00e8re personnelle se concentrant sur vous et votre famille, englobant ainsi en une seule \u00e9tape tous vos objectifs personnels et financiers (Document en anglais).<\/p>\n<p>[\/et_pb_text][et_pb_tma_popup_button popup_gform=\u00a0\u00bb8&Prime; popup_image=\u00a0\u00bbhttps:\/\/www.tma-invest.com\/wp-content\/uploads\/2018\/02\/Take-Control-Of-Your-Personal-Financial-Plan@2x.png\u00a0\u00bb button_text=\u00a0\u00bbT\u00e9l\u00e9chargez\u00a0\u00bb module_class=\u00a0\u00bbtma-button-download tma-button-block\u00a0\u00bb _builder_version=\u00a0\u00bb3.0.105&Prime; custom_button=\u00a0\u00bbon\u00a0\u00bb button_use_icon=\u00a0\u00bboff\u00a0\u00bb \/][\/et_pb_column][et_pb_column type=\u00a0\u00bb1_3&Prime;][et_pb_image src=\u00a0\u00bbhttps:\/\/www.tma-invest.com\/wp-content\/uploads\/2018\/02\/8-Common-Investment-Pitfalls@2x.png\u00a0\u00bb align=\u00a0\u00bbcenter\u00a0\u00bb _builder_version=\u00a0\u00bb3.0.101&Prime; custom_margin=\u00a0\u00bb-70px|||\u00a0\u00bb custom_margin_tablet=\u00a0\u00bb0px|||\u00a0\u00bb custom_margin_last_edited=\u00a0\u00bbon|desktop\u00a0\u00bb \/][et_pb_text admin_label=\u00a0\u00bbHeading\u00a0\u00bb _builder_version=\u00a0\u00bb3.0.101&Prime; custom_css_main_element=\u00a0\u00bbfont-size: 20px;||font-weight: 600;||font-style: normal;||font-stretch: normal;||line-height: 1.1;||letter-spacing: -0.2px;||text-align: center;||color: #5b8395;\u00a0\u00bb]<\/p>\n<p>\u00c9vitez les 8 pi\u00e8ges les plus fr\u00e9quents<\/p>\n<p>[\/et_pb_text][et_pb_text _builder_version=\u00a0\u00bb3.0.106&Prime; custom_css_main_element=\u00a0\u00bbfont-size: 14px;||font-weight: 300;||font-style: normal;||font-stretch: normal;||line-height: 1.43;||letter-spacing: 0.5px;||text-align: center;||color: #747474;\u00a0\u00bb text_font=\u00a0\u00bb||||||||\u00a0\u00bb text_text_color=\u00a0\u00bb#3F403F\u00a0\u00bb]<\/p>\n<p>Afin de vous assurer une s\u00e9curit\u00e9 financi\u00e8re et un avenir prosp\u00e8re, il est n\u00e9cessaire de mieux comprendre les obstacles potentiels qui pourraient vous emp\u00eacher de r\u00e9ussir (Document en anglais).<\/p>\n<p>[\/et_pb_text][et_pb_tma_popup_button popup_gform=\u00a0\u00bb6&Prime; popup_image=\u00a0\u00bbhttps:\/\/www.tma-invest.com\/wp-content\/uploads\/2018\/02\/8-Common-Investment-Pitfalls@2x.png\u00a0\u00bb button_text=\u00a0\u00bbT\u00e9l\u00e9chargez\u00a0\u00bb button_alignment=\u00a0\u00bbcenter\u00a0\u00bb module_class=\u00a0\u00bbtma-button-download tma-button-block\u00a0\u00bb _builder_version=\u00a0\u00bb3.0.105&Prime; custom_button=\u00a0\u00bbon\u00a0\u00bb button_use_icon=\u00a0\u00bboff\u00a0\u00bb \/][\/et_pb_column][et_pb_column type=\u00a0\u00bb1_3&Prime;][et_pb_image src=\u00a0\u00bbhttps:\/\/www.tma-invest.com\/wp-content\/uploads\/2018\/02\/9-Critical-Factors@2x.png\u00a0\u00bb align=\u00a0\u00bbcenter\u00a0\u00bb _builder_version=\u00a0\u00bb3.0.101&Prime; custom_margin=\u00a0\u00bb-70px|||\u00a0\u00bb custom_margin_tablet=\u00a0\u00bb0px|||\u00a0\u00bb custom_margin_last_edited=\u00a0\u00bbon|desktop\u00a0\u00bb \/][et_pb_text admin_label=\u00a0\u00bbHeading\u00a0\u00bb _builder_version=\u00a0\u00bb3.0.101&Prime; custom_css_main_element=\u00a0\u00bbfont-size: 20px;||font-weight: 600;||font-style: normal;||font-stretch: normal;||line-height: 1.1;||letter-spacing: -0.2px;||text-align: center;||color: #5b8395;\u00a0\u00bb]<\/p>\n<p>9 facteurs critiques que vous devez consid\u00e9rer<\/p>\n<p>[\/et_pb_text][et_pb_text _builder_version=\u00a0\u00bb3.0.106&Prime; custom_css_main_element=\u00a0\u00bbfont-size: 14px;||font-weight: 300;||font-style: normal;||font-stretch: normal;||line-height: 1.43;||letter-spacing: 0.5px;||text-align: center;||color: #747474;\u00a0\u00bb text_font=\u00a0\u00bb||||||||\u00a0\u00bb text_text_color=\u00a0\u00bb#3F403F\u00a0\u00bb]<\/p>\n<p>L\u2019ex\u00e9cution de ces facteurs critiques vous aidera consid\u00e9rablement \u00e0 atteindre vos objectifs financiers personnels et accro\u00eetre vos chances de cr\u00e9er une exp\u00e9rience de placement r\u00e9ussie (Document en anglais).<\/p>\n<p>[\/et_pb_text][et_pb_tma_popup_button popup_gform=\u00a0\u00bb5&Prime; popup_image=\u00a0\u00bbhttps:\/\/www.tma-invest.com\/wp-content\/uploads\/2018\/02\/9-Critical-Factors@2x.png\u00a0\u00bb button_text=\u00a0\u00bbT\u00e9l\u00e9chargez\u00a0\u00bb module_class=\u00a0\u00bbtma-button-download tma-button-block\u00a0\u00bb _builder_version=\u00a0\u00bb3.0.105&Prime; custom_button=\u00a0\u00bbon\u00a0\u00bb button_use_icon=\u00a0\u00bboff\u00a0\u00bb \/][\/et_pb_column][\/et_pb_row][\/et_pb_section][et_pb_section bb_built=\u00a0\u00bb1&Prime; background_color=\u00a0\u00bb#9fb5bf\u00a0\u00bb module_class=\u00a0\u00bbtma-footer-cta\u00a0\u00bb _builder_version=\u00a0\u00bb3.0.105&Prime; background_image=\u00a0\u00bbhttps:\/\/www.tma-invest.com\/wp-content\/uploads\/2018\/02\/TMA-Stationary-CTA-Footer.jpg\u00a0\u00bb prev_background_color=\u00a0\u00bb#ffffff\u00a0\u00bb][et_pb_row _builder_version=\u00a0\u00bb3.0.47&Prime; background_size=\u00a0\u00bb&quot;&amp;quot;&amp;amp;quot;%22&amp;amp;amp;quot;initial&amp;amp;amp;quot;%22&amp;amp;quot;&amp;quot;&quot;\u00a0\u00bb background_position=\u00a0\u00bb&quot;&amp;quot;&amp;amp;quot;%22&amp;amp;amp;quot;top_left&amp;amp;amp;quot;%22&amp;amp;quot;&amp;quot;&quot;\u00a0\u00bb background_repeat=\u00a0\u00bb&quot;&amp;quot;&amp;amp;quot;%22&amp;amp;amp;quot;repeat&amp;amp;amp;quot;%22&amp;amp;quot;&amp;quot;&quot;\u00a0\u00bb][et_pb_column type=\u00a0\u00bb4_4&Prime;][et_pb_text admin_label=\u00a0\u00bbHeading\u00a0\u00bb _builder_version=\u00a0\u00bb3.0.101&Prime; custom_css_main_element=\u00a0\u00bbfont-size: 48px;||font-weight: 600;||font-style: normal;||font-stretch: normal;||line-height: normal;||letter-spacing: -1px;||text-align: center;||color: #ffffff;\u00a0\u00bb]<\/p>\n<p>Votre avenir est important.<br \/>\nCommen\u00e7ons d\u00e8s maintenant \u00e0 y travailler.<\/p>\n<p>[\/et_pb_text][et_pb_button button_url=\u00a0\u00bbhttps:\/\/www.tma-invest.com\/fr\/nous-joindre\/\u00a0\u00bb button_text=\u00a0\u00bbDiscutons\u00a0\u00bb button_alignment=\u00a0\u00bbcenter\u00a0\u00bb _builder_version=\u00a0\u00bb3.0.106&Prime; custom_padding=\u00a0\u00bb10px|50px|10px|50px\u00a0\u00bb custom_button=\u00a0\u00bbon\u00a0\u00bb button_use_icon=\u00a0\u00bboff\u00a0\u00bb url_new_window=\u00a0\u00bboff\u00a0\u00bb background_layout=\u00a0\u00bblight\u00a0\u00bb button_icon_placement=\u00a0\u00bbright\u00a0\u00bb \/][\/et_pb_column][\/et_pb_row][\/et_pb_section]<\/p>\n","protected":false},"excerpt":{"rendered":"<p>En g\u00e9n\u00e9ral, nous desservons des professionnels chevronn\u00e9s, \u00e2g\u00e9s entre 40 et 65 ans, ayant une carri\u00e8re active, fructueuse et peu de temps. Ils veulent s\u2019assurer d\u2019\u00eatre engag\u00e9s dans la bonne voie en vue d\u2019atteindre leurs objectifs de retraite, tout en remboursant leur pr\u00eat hypoth\u00e9caire, leurs dettes et en couvrant les frais de scolarit\u00e9 de leurs [&hellip;]<\/p>\n","protected":false},"author":29,"featured_media":0,"parent":0,"menu_order":0,"comment_status":"closed","ping_status":"closed","template":"","meta":{"_et_pb_use_builder":"on","_et_pb_old_content":"","_et_gb_content_width":"","footnotes":""},"class_list":["post-500","page","type-page","status-publish","hentry"],"_links":{"self":[{"href":"https:\/\/www.tma-invest.com\/fr\/wp-json\/wp\/v2\/pages\/500","targetHints":{"allow":["GET"]}}],"collection":[{"href":"https:\/\/www.tma-invest.com\/fr\/wp-json\/wp\/v2\/pages"}],"about":[{"href":"https:\/\/www.tma-invest.com\/fr\/wp-json\/wp\/v2\/types\/page"}],"author":[{"embeddable":true,"href":"https:\/\/www.tma-invest.com\/fr\/wp-json\/wp\/v2\/users\/29"}],"replies":[{"embeddable":true,"href":"https:\/\/www.tma-invest.com\/fr\/wp-json\/wp\/v2\/comments?post=500"}],"version-history":[{"count":0,"href":"https:\/\/www.tma-invest.com\/fr\/wp-json\/wp\/v2\/pages\/500\/revisions"}],"wp:attachment":[{"href":"https:\/\/www.tma-invest.com\/fr\/wp-json\/wp\/v2\/media?parent=500"}],"curies":[{"name":"wp","href":"https:\/\/api.w.org\/{rel}","templated":true}]}}