{"id":503,"date":"2018-03-23T14:38:50","date_gmt":"2018-03-23T14:38:50","guid":{"rendered":"https:\/\/www.tma-invest.com\/retraites\/"},"modified":"2018-04-27T19:47:49","modified_gmt":"2018-04-27T19:47:49","slug":"retraites","status":"publish","type":"page","link":"https:\/\/www.tma-invest.com\/fr\/retraites\/","title":{"rendered":"Retrait\u00e9s"},"content":{"rendered":"<p>[et_pb_section fb_built=\u00a0\u00bb1&Prime; background_color=\u00a0\u00bb#374c55&Prime; fullwidth=\u00a0\u00bbon\u00a0\u00bb _builder_version=\u00a0\u00bb3.0.101&Prime; background_image=\u00a0\u00bbhttps:\/\/www.tma-invest.com\/wp-content\/uploads\/2018\/02\/Retirees-Header-Image.jpg\u00a0\u00bb][et_pb_fullwidth_header title=\u00a0\u00bbRetrait\u00e9s\u00a0\u00bb _builder_version=\u00a0\u00bb3.0.101&Prime; custom_css_title=\u00a0\u00bbfont-size: 48px;||font-weight: normal;||font-style: normal;||font-stretch: normal;||line-height: normal;||letter-spacing: -1px;||text-align: center;||color: #ffffff;\u00a0\u00bb custom_css_subtitle=\u00a0\u00bbfont-size: 24px;||font-weight: 300;||font-style: normal;||font-stretch: normal;||line-height: 1.25;||letter-spacing: 0.5px;||text-align: center;||color: #ffffff;\u00a0\u00bb][\/et_pb_fullwidth_header][\/et_pb_section][et_pb_section fb_built=\u00a0\u00bb1&Prime; _builder_version=\u00a0\u00bb3.0.101&Prime; custom_padding=\u00a0\u00bb0px||0px|\u00a0\u00bb][et_pb_row padding_top_1=\u00a0\u00bb30px\u00a0\u00bb padding_right_1=\u00a0\u00bb30px\u00a0\u00bb padding_bottom_1=\u00a0\u00bb30px\u00a0\u00bb padding_left_1=\u00a0\u00bb30px\u00a0\u00bb module_class_1=\u00a0\u00bbtma-boxy\u00a0\u00bb custom_css_main_1=\u00a0\u00bbmargin-top: -35px;||margin-bottom: -35px;\u00a0\u00bb _builder_version=\u00a0\u00bb3.0.101&Prime;][et_pb_column type=\u00a0\u00bb4_4&Prime; _builder_version=\u00a0\u00bb3.0.47&Prime; padding_bottom=\u00a0\u00bb30px\u00a0\u00bb padding_left=\u00a0\u00bb30px\u00a0\u00bb padding_right=\u00a0\u00bb30px\u00a0\u00bb padding_top=\u00a0\u00bb30px\u00a0\u00bb parallax=\u00a0\u00bboff\u00a0\u00bb parallax_method=\u00a0\u00bbon\u00a0\u00bb module_class=\u00a0\u00bbtma-boxy\u00a0\u00bb custom_css_main=\u00a0\u00bbmargin-top: -35px;||margin-bottom: -35px;\u00a0\u00bb][et_pb_text _builder_version=\u00a0\u00bb3.0.105&Prime;]<\/p>\n<div class=\"tma-row\">\n<div class=\"tma-col-sm-auto tma-none tma-sm-block\"><img decoding=\"async\" src=\"..\/..\/wp-content\/uploads\/2018\/02\/Retirees.svg\" alt=\"\" class=\"alignnone size-full wp-image-78\" \/><\/div>\n<div class=\"tma-col\">\n<p>Nous desservons des retrait\u00e9 ayant travaill\u00e9s fort toute leur vie dans le but de jouir d\u2019une qualit\u00e9 de vie d\u00e9cente et de profiter d\u2019un fonds de retraite viable et confortable. Ils sont g\u00e9n\u00e9ralement \u00e2g\u00e9s entre 50 et 90 ans et ont \u00e9pargn\u00e9 toute leur vie pour se constituer un coussin pour les supporter tout au long de leur retraite.<\/p>\n<p>Ils travaillent avec nous afin d\u2019en assurer une gestion responsable. Notre client\u00e8le de retrait\u00e9s appr\u00e9cie le fait que nous proposions une approche int\u00e9gr\u00e9e offrant \u00e0 la fois des services de gestion de portefeuille, de planification successorale et de services fiscaux. G\u00e9n\u00e9ralement, nous travaillons habituellement de concert avec les deux conjoints dans le but de nous assurer qu\u2019ils s\u2019entendent sur la question successorale et qu\u2019elle soit bien trait\u00e9e.<\/p>\n<p>Notre approche de placement diversifi\u00e9 r\u00e9duit le stress li\u00e9 au processus d\u2019investissement et permet \u00e0 nos clients de se concentrer sur ce qui leur importe le plus, soit leur famille, leur sant\u00e9 et de profiter pleinement de leur retraite.<\/p>\n<\/div>\n<\/div>\n<p>[\/et_pb_text][\/et_pb_column][\/et_pb_row][\/et_pb_section][et_pb_section fb_built=\u00a0\u00bb1&Prime; custom_padding_last_edited=\u00a0\u00bbon|tablet\u00a0\u00bb _builder_version=\u00a0\u00bb3.0.105&Prime; custom_padding=\u00a0\u00bb||0px|\u00a0\u00bb custom_padding_tablet=\u00a0\u00bb||4%|\u00a0\u00bb custom_css_main_element=\u00a0\u00bbbackground-image: linear-gradient(to top, #5b8395, #94b3c1);\u00a0\u00bb][et_pb_row use_custom_gutter=\u00a0\u00bbon\u00a0\u00bb gutter_width=\u00a0\u00bb2&Prime; custom_padding=\u00a0\u00bb||0px|\u00a0\u00bb custom_padding_tablet=\u00a0\u00bb||2%|\u00a0\u00bb make_equal=\u00a0\u00bbon\u00a0\u00bb padding_top_1=\u00a0\u00bb20px\u00a0\u00bb padding_right_1=\u00a0\u00bb20px\u00a0\u00bb padding_bottom_1=\u00a0\u00bb20px\u00a0\u00bb padding_left_1=\u00a0\u00bb20px\u00a0\u00bb padding_top_2=\u00a0\u00bb20px\u00a0\u00bb padding_right_2=\u00a0\u00bb20px\u00a0\u00bb padding_bottom_2=\u00a0\u00bb20px\u00a0\u00bb padding_left_2=\u00a0\u00bb20px\u00a0\u00bb padding_top_3=\u00a0\u00bb20px\u00a0\u00bb padding_right_3=\u00a0\u00bb20px\u00a0\u00bb padding_bottom_3=\u00a0\u00bb20px\u00a0\u00bb padding_left_3=\u00a0\u00bb20px\u00a0\u00bb module_class_1=\u00a0\u00bbtma-boxy\u00a0\u00bb module_class_2=\u00a0\u00bbtma-boxy\u00a0\u00bb module_class_3=\u00a0\u00bbtma-boxy\u00a0\u00bb custom_css_main_1=\u00a0\u00bbmargin-bottom: -30px;\u00a0\u00bb custom_css_main_2=\u00a0\u00bbmargin-bottom: -30px;\u00a0\u00bb custom_css_main_3=\u00a0\u00bbmargin-bottom: -30px;\u00a0\u00bb custom_padding_last_edited=\u00a0\u00bbon|desktop\u00a0\u00bb _builder_version=\u00a0\u00bb3.0.105&Prime; custom_margin_last_edited=\u00a0\u00bboff|desktop\u00a0\u00bb][et_pb_column type=\u00a0\u00bb1_3&Prime; _builder_version=\u00a0\u00bb3.0.47&Prime; padding_bottom=\u00a0\u00bb20px\u00a0\u00bb padding_left=\u00a0\u00bb20px\u00a0\u00bb padding_right=\u00a0\u00bb20px\u00a0\u00bb padding_top=\u00a0\u00bb20px\u00a0\u00bb parallax=\u00a0\u00bboff\u00a0\u00bb parallax_method=\u00a0\u00bbon\u00a0\u00bb module_class=\u00a0\u00bbtma-boxy\u00a0\u00bb custom_css_main=\u00a0\u00bbmargin-bottom: -30px;\u00a0\u00bb][et_pb_image src=\u00a0\u00bbhttps:\/\/www.tma-invest.com\/wp-content\/uploads\/2018\/02\/Take-Control-Of-Your-Personal-Financial-Plan@2x.png\u00a0\u00bb align=\u00a0\u00bbcenter\u00a0\u00bb _builder_version=\u00a0\u00bb3.0.101&Prime; custom_margin=\u00a0\u00bb-70px|||\u00a0\u00bb custom_margin_tablet=\u00a0\u00bb0px|||\u00a0\u00bb custom_margin_last_edited=\u00a0\u00bbon|desktop\u00a0\u00bb][\/et_pb_image][et_pb_text admin_label=\u00a0\u00bbHeading\u00a0\u00bb _builder_version=\u00a0\u00bb3.0.101&Prime; custom_css_main_element=\u00a0\u00bbfont-size: 20px;||font-weight: 600;||font-style: normal;||font-stretch: normal;||line-height: 1.1;||letter-spacing: -0.2px;||text-align: center;||color: #5b8395;\u00a0\u00bb]<\/p>\n<p>Prenez vos finances personnelles en main<\/p>\n<p>[\/et_pb_text][et_pb_text _builder_version=\u00a0\u00bb3.0.106&Prime; text_font=\u00a0\u00bb||||||||\u00a0\u00bb text_text_color=\u00a0\u00bb#3F403F\u00a0\u00bb custom_css_main_element=\u00a0\u00bbfont-size: 14px;||font-weight: 300;||font-style: normal;||font-stretch: normal;||line-height: 1.43;||letter-spacing: 0.5px;||text-align: center;||color: #747474;\u00a0\u00bb]<\/p>\n<p>Une planification financi\u00e8re personnelle se concentrant sur vous et votre famille, englobant ainsi en une seule \u00e9tape tous vos objectifs personnels et financiers (Document en anglais).<\/p>\n<p>[\/et_pb_text][et_pb_tma_popup_button popup_gform=\u00a0\u00bb8&Prime; popup_image=\u00a0\u00bbhttps:\/\/www.tma-invest.com\/wp-content\/uploads\/2018\/02\/Take-Control-Of-Your-Personal-Financial-Plan@2x.png\u00a0\u00bb button_text=\u00a0\u00bbT\u00e9l\u00e9chargez\u00a0\u00bb module_class=\u00a0\u00bbtma-button-download tma-button-block\u00a0\u00bb _builder_version=\u00a0\u00bb3.0.105&Prime; custom_button=\u00a0\u00bbon\u00a0\u00bb button_use_icon=\u00a0\u00bboff\u00a0\u00bb][\/et_pb_tma_popup_button][\/et_pb_column][et_pb_column type=\u00a0\u00bb1_3&Prime; _builder_version=\u00a0\u00bb3.0.47&Prime; padding_bottom=\u00a0\u00bb20px\u00a0\u00bb padding_left=\u00a0\u00bb20px\u00a0\u00bb padding_right=\u00a0\u00bb20px\u00a0\u00bb padding_top=\u00a0\u00bb20px\u00a0\u00bb parallax=\u00a0\u00bboff\u00a0\u00bb parallax_method=\u00a0\u00bbon\u00a0\u00bb module_class=\u00a0\u00bbtma-boxy\u00a0\u00bb custom_css_main=\u00a0\u00bbmargin-bottom: -30px;\u00a0\u00bb][et_pb_image src=\u00a0\u00bbhttps:\/\/www.tma-invest.com\/wp-content\/uploads\/2018\/02\/8-Common-Investment-Pitfalls@2x.png\u00a0\u00bb align=\u00a0\u00bbcenter\u00a0\u00bb _builder_version=\u00a0\u00bb3.0.101&Prime; custom_margin=\u00a0\u00bb-70px|||\u00a0\u00bb custom_margin_tablet=\u00a0\u00bb0px|||\u00a0\u00bb custom_margin_last_edited=\u00a0\u00bbon|desktop\u00a0\u00bb][\/et_pb_image][et_pb_text admin_label=\u00a0\u00bbHeading\u00a0\u00bb _builder_version=\u00a0\u00bb3.0.101&Prime; custom_css_main_element=\u00a0\u00bbfont-size: 20px;||font-weight: 600;||font-style: normal;||font-stretch: normal;||line-height: 1.1;||letter-spacing: -0.2px;||text-align: center;||color: #5b8395;\u00a0\u00bb]<\/p>\n<p>\u00c9vitez les 8 pi\u00e8ges les plus fr\u00e9quents<\/p>\n<p>[\/et_pb_text][et_pb_text _builder_version=\u00a0\u00bb3.0.106&Prime; text_font=\u00a0\u00bb||||||||\u00a0\u00bb text_text_color=\u00a0\u00bb#3F403F\u00a0\u00bb custom_css_main_element=\u00a0\u00bbfont-size: 14px;||font-weight: 300;||font-style: normal;||font-stretch: normal;||line-height: 1.43;||letter-spacing: 0.5px;||text-align: center;||color: #747474;\u00a0\u00bb]<\/p>\n<p>Afin de vous assurer une s\u00e9curit\u00e9 financi\u00e8re et un avenir prosp\u00e8re, il est n\u00e9cessaire de mieux comprendre les obstacles potentiels qui pourraient vous emp\u00eacher de r\u00e9ussir (Document en anglais).<\/p>\n<p>[\/et_pb_text][et_pb_tma_popup_button popup_gform=\u00a0\u00bb6&Prime; popup_image=\u00a0\u00bbhttps:\/\/www.tma-invest.com\/wp-content\/uploads\/2018\/02\/8-Common-Investment-Pitfalls@2x.png\u00a0\u00bb button_text=\u00a0\u00bbT\u00e9l\u00e9chargez\u00a0\u00bb button_alignment=\u00a0\u00bbcenter\u00a0\u00bb module_class=\u00a0\u00bbtma-button-download tma-button-block\u00a0\u00bb _builder_version=\u00a0\u00bb3.0.105&Prime; custom_button=\u00a0\u00bbon\u00a0\u00bb button_use_icon=\u00a0\u00bboff\u00a0\u00bb][\/et_pb_tma_popup_button][\/et_pb_column][et_pb_column type=\u00a0\u00bb1_3&Prime; _builder_version=\u00a0\u00bb3.0.47&Prime; padding_bottom=\u00a0\u00bb20px\u00a0\u00bb padding_left=\u00a0\u00bb20px\u00a0\u00bb padding_right=\u00a0\u00bb20px\u00a0\u00bb padding_top=\u00a0\u00bb20px\u00a0\u00bb parallax=\u00a0\u00bboff\u00a0\u00bb parallax_method=\u00a0\u00bbon\u00a0\u00bb module_class=\u00a0\u00bbtma-boxy\u00a0\u00bb custom_css_main=\u00a0\u00bbmargin-bottom: -30px;\u00a0\u00bb][et_pb_image src=\u00a0\u00bbhttps:\/\/www.tma-invest.com\/wp-content\/uploads\/2018\/02\/9-Critical-Factors@2x.png\u00a0\u00bb align=\u00a0\u00bbcenter\u00a0\u00bb _builder_version=\u00a0\u00bb3.0.101&Prime; custom_margin=\u00a0\u00bb-70px|||\u00a0\u00bb custom_margin_tablet=\u00a0\u00bb0px|||\u00a0\u00bb custom_margin_last_edited=\u00a0\u00bbon|desktop\u00a0\u00bb][\/et_pb_image][et_pb_text admin_label=\u00a0\u00bbHeading\u00a0\u00bb _builder_version=\u00a0\u00bb3.0.101&Prime; custom_css_main_element=\u00a0\u00bbfont-size: 20px;||font-weight: 600;||font-style: normal;||font-stretch: normal;||line-height: 1.1;||letter-spacing: -0.2px;||text-align: center;||color: #5b8395;\u00a0\u00bb]<\/p>\n<p>9 facteurs critiques que vous devez consid\u00e9rer<\/p>\n<p>[\/et_pb_text][et_pb_text _builder_version=\u00a0\u00bb3.0.106&Prime; text_font=\u00a0\u00bb||||||||\u00a0\u00bb text_text_color=\u00a0\u00bb#3F403F\u00a0\u00bb custom_css_main_element=\u00a0\u00bbfont-size: 14px;||font-weight: 300;||font-style: normal;||font-stretch: normal;||line-height: 1.43;||letter-spacing: 0.5px;||text-align: center;||color: #747474;\u00a0\u00bb]<\/p>\n<p>L\u2019ex\u00e9cution de ces facteurs critiques vous aidera consid\u00e9rablement \u00e0 atteindre vos objectifs financiers personnels et accro\u00eetre vos chances de cr\u00e9er une exp\u00e9rience de placement r\u00e9ussie (Document en anglais).<\/p>\n<p>[\/et_pb_text][et_pb_tma_popup_button popup_gform=\u00a0\u00bb5&Prime; popup_image=\u00a0\u00bbhttps:\/\/www.tma-invest.com\/wp-content\/uploads\/2018\/02\/9-Critical-Factors@2x.png\u00a0\u00bb button_text=\u00a0\u00bbT\u00e9l\u00e9chargez\u00a0\u00bb module_class=\u00a0\u00bbtma-button-download tma-button-block\u00a0\u00bb _builder_version=\u00a0\u00bb3.0.105&Prime; custom_button=\u00a0\u00bbon\u00a0\u00bb button_use_icon=\u00a0\u00bboff\u00a0\u00bb][\/et_pb_tma_popup_button][\/et_pb_column][\/et_pb_row][\/et_pb_section][et_pb_section fb_built=\u00a0\u00bb1&Prime; background_color=\u00a0\u00bb#9fb5bf\u00a0\u00bb module_class=\u00a0\u00bbtma-footer-cta\u00a0\u00bb _builder_version=\u00a0\u00bb3.0.105&Prime; background_image=\u00a0\u00bbhttps:\/\/www.tma-invest.com\/wp-content\/uploads\/2018\/02\/TMA-Stationary-CTA-Footer.jpg\u00a0\u00bb][et_pb_row _builder_version=\u00a0\u00bb3.0.47&Prime; background_size=\u00a0\u00bb%22&quot;&amp;quot;&amp;amp;quot;&amp;amp;amp;quot;initial&amp;amp;amp;quot;&amp;amp;quot;&amp;quot;&quot;%22&Prime; background_position=\u00a0\u00bb%22&quot;&amp;quot;&amp;amp;quot;&amp;amp;amp;quot;top_left&amp;amp;amp;quot;&amp;amp;quot;&amp;quot;&quot;%22&Prime; background_repeat=\u00a0\u00bb%22&quot;&amp;quot;&amp;amp;quot;&amp;amp;amp;quot;repeat&amp;amp;amp;quot;&amp;amp;quot;&amp;quot;&quot;%22&Prime;][et_pb_column type=\u00a0\u00bb4_4&Prime; _builder_version=\u00a0\u00bb3.0.47&Prime; parallax=\u00a0\u00bboff\u00a0\u00bb parallax_method=\u00a0\u00bbon\u00a0\u00bb][et_pb_text admin_label=\u00a0\u00bbHeading\u00a0\u00bb _builder_version=\u00a0\u00bb3.0.101&Prime; custom_css_main_element=\u00a0\u00bbfont-size: 48px;||font-weight: 600;||font-style: normal;||font-stretch: normal;||line-height: normal;||letter-spacing: -1px;||text-align: center;||color: #ffffff;\u00a0\u00bb]<\/p>\n<p>Votre avenir est important.<br \/>\nCommen\u00e7ons d\u00e8s maintenant \u00e0 y travailler.<\/p>\n<p>[\/et_pb_text][et_pb_button button_url=\u00a0\u00bbhttps:\/\/www.tma-invest.com\/fr\/nous-joindre\/\u00a0\u00bb button_text=\u00a0\u00bbDiscutons\u00a0\u00bb button_alignment=\u00a0\u00bbcenter\u00a0\u00bb _builder_version=\u00a0\u00bb3.0.106&Prime; custom_padding=\u00a0\u00bb10px|50px|10px|50px\u00a0\u00bb custom_button=\u00a0\u00bbon\u00a0\u00bb button_use_icon=\u00a0\u00bboff\u00a0\u00bb][\/et_pb_button][\/et_pb_column][\/et_pb_row][\/et_pb_section]<\/p>\n","protected":false},"excerpt":{"rendered":"<p>Nous desservons des retrait\u00e9 ayant travaill\u00e9s fort toute leur vie dans le but de jouir d\u2019une qualit\u00e9 de vie d\u00e9cente et de profiter d\u2019un fonds de retraite viable et confortable. Ils sont g\u00e9n\u00e9ralement \u00e2g\u00e9s entre 50 et 90 ans et ont \u00e9pargn\u00e9 toute leur vie pour se constituer un coussin pour les supporter tout au [&hellip;]<\/p>\n","protected":false},"author":29,"featured_media":0,"parent":0,"menu_order":0,"comment_status":"closed","ping_status":"closed","template":"","meta":{"_et_pb_use_builder":"on","_et_pb_old_content":"","_et_gb_content_width":"","footnotes":""},"class_list":["post-503","page","type-page","status-publish","hentry"],"_links":{"self":[{"href":"https:\/\/www.tma-invest.com\/fr\/wp-json\/wp\/v2\/pages\/503","targetHints":{"allow":["GET"]}}],"collection":[{"href":"https:\/\/www.tma-invest.com\/fr\/wp-json\/wp\/v2\/pages"}],"about":[{"href":"https:\/\/www.tma-invest.com\/fr\/wp-json\/wp\/v2\/types\/page"}],"author":[{"embeddable":true,"href":"https:\/\/www.tma-invest.com\/fr\/wp-json\/wp\/v2\/users\/29"}],"replies":[{"embeddable":true,"href":"https:\/\/www.tma-invest.com\/fr\/wp-json\/wp\/v2\/comments?post=503"}],"version-history":[{"count":0,"href":"https:\/\/www.tma-invest.com\/fr\/wp-json\/wp\/v2\/pages\/503\/revisions"}],"wp:attachment":[{"href":"https:\/\/www.tma-invest.com\/fr\/wp-json\/wp\/v2\/media?parent=503"}],"curies":[{"name":"wp","href":"https:\/\/api.w.org\/{rel}","templated":true}]}}